{"id":848,"date":"2021-10-07T05:18:52","date_gmt":"2021-10-07T05:18:52","guid":{"rendered":"https:\/\/themexriver.com\/wp\/fastrans\/?page_id=848"},"modified":"2023-12-15T15:27:57","modified_gmt":"2023-12-15T13:27:57","slug":"prugi-utiliseerimine","status":"publish","type":"page","link":"https:\/\/movezen.ee\/ru\/prugi-utiliseerimine\/","title":{"rendered":"\u0423\u0442\u0438\u043b\u0438\u0437\u0430\u0446\u0438\u044f \u043c\u0443\u0441\u043e\u0440\u0430"},"content":{"rendered":"\t\t<div data-elementor-type=\"wp-page\" data-elementor-id=\"848\" class=\"elementor elementor-848\">\n\t\t\t\t\t\t<section class=\"elementor-section elementor-top-section elementor-element elementor-element-d6823da elementor-section-full_width elementor-section-height-default elementor-section-height-default\" data-id=\"d6823da\" data-element_type=\"section\" data-e-type=\"section\">\n\t\t\t\t\t\t<div class=\"elementor-container elementor-column-gap-default\">\n\t\t\t\t\t<div class=\"elementor-column elementor-col-100 elementor-top-column elementor-element elementor-element-f1b57c4\" data-id=\"f1b57c4\" data-element_type=\"column\" data-e-type=\"column\">\n\t\t\t<div class=\"elementor-widget-wrap elementor-element-populated\">\n\t\t\t\t\t\t<div class=\"elementor-element elementor-element-9ff8697 elementor-widget elementor-widget-fastrans_service_details\" data-id=\"9ff8697\" data-element_type=\"widget\" data-e-type=\"widget\" data-widget_type=\"fastrans_service_details.default\">\n\t\t\t\t<div class=\"elementor-widget-container\">\n\t\t\t\t\t\t\n    <!-- Start of Service details section\n\t============================================= -->\n\t<section id=\"ft-service-details\" class=\"ft-service-details-section page-padding\">\n\t\t<div class=\"container\">\n\t\t\t<div class=\"ft-service-details-content\">\n\t\t\t\t<div class=\"row\">\n\t\t\t\t\t                    <div class=\"col-lg-4\">\n\t\t\t\t\t\t<div class=\"ft-service-sidebar\">\n                        \t<div id=\"fastrans_service_sidebar-1\" class=\"service-widget sidebar-widget widget_fastrans_service_sidebar\">\t\t\n        <!-- Instagram Widget -->\n        <div class=\"ft-service-sidebar-widget headline ul-li-block\">\n            <div class=\"service-category-widget\">\n                <h3 class=\"widget-title\">Teenused<\/h3>                <ul>\n\t\t\t\t        \n           \t<!-- Title -->\n                        <li><a href=\"https:\/\/movezen.ee\/laadijate-teenused\/\">Laadijate teenused<\/a><\/li>\n                        <li><a href=\"https:\/\/movezen.ee\/rahvusvaheline-kolimine\/\">Rahvusvaheline kolimine<\/a><\/li>\n                        <li><a href=\"https:\/\/movezen.ee\/prugi-utiliseerimine\/\">Pr\u00fcgi utiliseerimine<\/a><\/li>\n                        <li><a href=\"https:\/\/movezen.ee\/eriveod\/\">Eriveod<\/a><\/li>\n                        <li><a href=\"https:\/\/movezen.ee\/kontorite-kolimine\/\">Kontorite kolimine<\/a><\/li>\n                        <li><a href=\"https:\/\/movezen.ee\/kolimisteenused\/\">Kolimisteenused<\/a><\/li>\n                        <li><a href=\"https:\/\/movezen.ee\/veoteenused\/\">Veoteenused<\/a><\/li>\n                            \n                        <\/ul>\n            <\/div>\n        <\/div>\n        \n        <\/div><div id=\"fastrans_support_form-1\" class=\"service-widget sidebar-widget widget_fastrans_support_form\">      \t\t\n\t\t\t<div class=\"ft-service-sidebar-widget headline ul-li-block\">\n                <div class=\"service-form-widget\">\n                    <h3 class=\"widget-title text-uppercase\">KAS TEIL ON VEEL K\u00dcSIMUSI?<\/h3>                                        <p>V\u00f5tke meiega \u00fchendust!<\/p>\n                                        \n<div class=\"wpcf7 no-js\" id=\"wpcf7-f514-o1\" lang=\"en-US\" dir=\"ltr\" data-wpcf7-id=\"514\">\n<div class=\"screen-reader-response\"><p role=\"status\" aria-live=\"polite\" aria-atomic=\"true\"><\/p> <ul><\/ul><\/div>\n<form action=\"\/ru\/wp-json\/wp\/v2\/pages\/848#wpcf7-f514-o1\" method=\"post\" class=\"wpcf7-form init\" aria-label=\"Contact form\" novalidate=\"novalidate\" data-status=\"init\">\n<fieldset class=\"hidden-fields-container\"><input type=\"hidden\" name=\"_wpcf7\" value=\"514\" \/><input type=\"hidden\" name=\"_wpcf7_version\" value=\"6.1.5\" \/><input type=\"hidden\" name=\"_wpcf7_locale\" value=\"en_US\" \/><input type=\"hidden\" name=\"_wpcf7_unit_tag\" value=\"wpcf7-f514-o1\" \/><input type=\"hidden\" name=\"_wpcf7_container_post\" value=\"0\" \/><input type=\"hidden\" name=\"_wpcf7_posted_data_hash\" value=\"\" \/><input type=\"hidden\" name=\"_wpcf7_recaptcha_response\" value=\"\" \/>\n<\/fieldset>\n<p><span class=\"wpcf7-form-control-wrap\" data-name=\"text-256\"><input size=\"40\" maxlength=\"400\" class=\"wpcf7-form-control wpcf7-text wpcf7-validates-as-required\" aria-required=\"true\" aria-invalid=\"false\" placeholder=\"Nimi\" value=\"\" type=\"text\" name=\"text-256\" \/><\/span><br \/>\n<span class=\"wpcf7-form-control-wrap\" data-name=\"email-466\"><input size=\"40\" maxlength=\"400\" class=\"wpcf7-form-control wpcf7-email wpcf7-validates-as-required wpcf7-text wpcf7-validates-as-email\" aria-required=\"true\" aria-invalid=\"false\" placeholder=\"E-post\" value=\"\" type=\"email\" name=\"email-466\" \/><\/span><br \/>\n<span class=\"wpcf7-form-control-wrap\" data-name=\"textarea-867\"><textarea cols=\"40\" rows=\"10\" maxlength=\"2000\" class=\"wpcf7-form-control wpcf7-textarea\" aria-invalid=\"false\" placeholder=\"Teie s\u00f5num\" name=\"textarea-867\"><\/textarea><\/span><br \/>\n<button>Saada<\/button>\n<\/p><p style=\"display: none !important;\" class=\"akismet-fields-container\" data-prefix=\"_wpcf7_ak_\"><label>&#916;<textarea name=\"_wpcf7_ak_hp_textarea\" cols=\"45\" rows=\"8\" maxlength=\"100\"><\/textarea><\/label><input type=\"hidden\" id=\"ak_js_1\" name=\"_wpcf7_ak_js\" value=\"45\"\/><script type=\"text\/javascript\">\n\/* <![CDATA[ *\/\ndocument.getElementById( \"ak_js_1\" ).setAttribute( \"value\", ( new Date() ).getTime() );\n\/* ]]> *\/\n<\/script>\n<\/p><div class=\"wpcf7-response-output\" aria-hidden=\"true\"><\/div>\n<\/form>\n<\/div>\n                <\/div>\n            <\/div>\n              \n        <\/div>\t\t\t\t\t\t<\/div>\n\t\t\t\t\t<\/div>\n\t\t\t\t\t                    <div class=\"col-lg-8\">\n\t\t\t\t\t\t<div class=\"ft-service-details-content-wrapper headline pera-content\">\n\t\t\t\t\t\t\t<div class=\"ft-service-details-img-wrapper\">\n\t\t\t\t\t\t\t\t<div class=\"row\">\n\t\t\t\t\t\t\t\t\t                                    \t\t\t\t\t\t\t\t<\/div>\n\t\t\t\t\t\t\t<\/div>\n\t\t\t\t\t\t\t<div class=\"ft-service-details-text-wrapper\">\n\t\t\t\t\t\t\t\t<h3>Pr\u00fcgi utiliseerimine<\/h3> \t\t\t\t\t\t\t\t\n\t\t\t\t\t\t\t\t<p>Kuna elame keskkonnas\u00f5bralikus maailmas on v\u00e4ga oluline seda teha turvaliselt ja keskkonda kahjustamata. Esimese asjana tuleks liigitada esemed vajalikeks ja mittevajalikeks. Seej\u00e4rel vaatama ja hindama, mida on v\u00f5imalik taaskasutada ja mida kindlasti utiliseerida. Hinnangu ja otsuse langetamisel v\u00f5ib kasutada meie kolimise spetsialistide abi.\n\nLiigsete, mittevajalike ja kasutust mitte vajavate esemete omamine tekitab stressi ja segadust. Otsuse langetamisel nendest asjadest vabanemiseks tekitab juurde ruumi, uusi m\u00f5tteid- ja valikuid.\n\nKorrektne j\u00e4\u00e4tmete k\u00e4itlemine on kasulik keskkonnale, ei reosta loodust ja sellega seonduvat.<\/p>\t\t\t\t\t\t\t\t\n\t\t\t\t\t\t\t\t\t\t\t\t\t\t\t\t                                <h3>Mida me utiliseerime?<\/h3>\n                                                                                                <p>Kolimistransport aitab nii eraisikut, kui ettev\u00f5tet. Viime \u00e4ra ja utiliseerime Teie vana m\u00f6\u00f6bli, kodutehnika, vanapaberi, olmej\u00e4\u00e4tmed, riided.\n\nKeldrite, p\u00f6\u00f6ningute, garaa\u017eide puhastamine j\u00e4\u00e4tmetest.\nEhitusj\u00e4\u00e4tmed, klaasi, vanametalli jm saame viia vastavalt kogusele pr\u00fcgila hinnakirja arvestades.\nKui tunned, et hetkel ei k\u00e4inud sinu poolt soovitud teemat\/eset l\u00e4bi, anna meile teada ja v\u00f5ta meiega \u00fchendust, sest koos leiame kindlasti lahenduse. Kokkuv\u00f5ttes oleme jaotanud teenuse kolme sammu vahel \u00e4ra, kus tekib loogiline jada ning \u00fcks viib teiseni. Teostame t\u00f6\u00f6d kvaliteetselt ja kiirelt ning meie jaoks on k\u00f5ige olulisem kliendi rahulolu. \n\n <\/p>\n\t\t\t\t\t\t\t\t\t\t\t\t\t\t\t\t    \t\n\t\t\t\t\t\t\t<\/div>\n\t\t\t\t\t\t<\/div>\n\t\t\t\t\t<\/div>\n\t\t\t\t<\/div>\n\t\t\t<\/div>\n\t\t<\/div>\n\t<\/section>\t\n\t<!-- End of Service details section\n\t============================================= -->\n    \n    \t\t\t\t<\/div>\n\t\t\t\t<\/div>\n\t\t\t\t\t<\/div>\n\t\t<\/div>\n\t\t\t\t\t<\/div>\n\t\t<\/section>\n\t\t\t\t<\/div>\n\t\t","protected":false},"excerpt":{"rendered":"<p>Teenused Laadijate teenused Rahvusvaheline kolimine Pr\u00fcgi utiliseerimine Eriveod Kontorite kolimine Kolimisteenused Veoteenused KAS TEIL ON VEEL K\u00dcSIMUSI? V\u00f5tke meiega \u00fchendust! Saada &#916; Pr\u00fcgi utiliseerimine Kuna elame keskkonnas\u00f5bralikus maailmas on v\u00e4ga oluline seda teha turvaliselt ja keskkonda kahjustamata. Esimese asjana tuleks liigitada esemed vajalikeks ja mittevajalikeks. Seej\u00e4rel vaatama ja hindama, mida on v\u00f5imalik taaskasutada ja mida [&hellip;]<\/p>\n","protected":false},"author":1,"featured_media":0,"parent":0,"menu_order":0,"comment_status":"closed","ping_status":"closed","template":"tpl-default-elementor.php","meta":{"footnotes":""},"class_list":["post-848","page","type-page","status-publish","hentry"],"yoast_head":"<!-- This site is optimized with the Yoast SEO plugin v27.4 - https:\/\/yoast.com\/product\/yoast-seo-wordpress\/ -->\n<title>Pr\u00fcgi utiliseerimine - Movezen<\/title>\n<meta name=\"description\" content=\"Movezen pr\u00fcgi utiliseerimine - Professionaalne teenus j\u00e4\u00e4tmete t\u00f5husaks ja keskkonnas\u00f5bralikuks k\u00f5rvaldamiseks.\" \/>\n<meta name=\"robots\" content=\"index, follow, max-snippet:-1, max-image-preview:large, max-video-preview:-1\" \/>\n<link rel=\"canonical\" href=\"https:\/\/movezen.ee\/ru\/prugi-utiliseerimine\/\" \/>\n<meta property=\"og:locale\" content=\"ru_RU\" \/>\n<meta property=\"og:type\" content=\"article\" \/>\n<meta property=\"og:title\" content=\"Pr\u00fcgi utiliseerimine - Movezen\" \/>\n<meta property=\"og:description\" content=\"Movezen pr\u00fcgi utiliseerimine - Professionaalne teenus j\u00e4\u00e4tmete t\u00f5husaks ja keskkonnas\u00f5bralikuks k\u00f5rvaldamiseks.\" \/>\n<meta property=\"og:url\" content=\"https:\/\/movezen.ee\/ru\/prugi-utiliseerimine\/\" \/>\n<meta property=\"og:site_name\" content=\"Movezen\" \/>\n<meta property=\"article:publisher\" content=\"https:\/\/www.facebook.com\/movezenEE\" \/>\n<meta property=\"article:modified_time\" content=\"2023-12-15T13:27:57+00:00\" \/>\n<meta property=\"og:image\" content=\"https:\/\/movezen.ee\/wp-content\/uploads\/2023\/09\/Movezen-18.png\" \/>\n\t<meta property=\"og:image:width\" content=\"250\" \/>\n\t<meta property=\"og:image:height\" content=\"250\" \/>\n\t<meta property=\"og:image:type\" content=\"image\/png\" \/>\n<meta name=\"twitter:card\" content=\"summary_large_image\" \/>\n<meta name=\"twitter:label1\" content=\"\u041f\u0440\u0438\u043c\u0435\u0440\u043d\u043e\u0435 \u0432\u0440\u0435\u043c\u044f \u0434\u043b\u044f \u0447\u0442\u0435\u043d\u0438\u044f\" \/>\n\t<meta name=\"twitter:data1\" content=\"2 \u043c\u0438\u043d\u0443\u0442\u044b\" \/>\n<script type=\"application\/ld+json\" class=\"yoast-schema-graph\">{\"@context\":\"https:\\\/\\\/schema.org\",\"@graph\":[{\"@type\":\"WebPage\",\"@id\":\"https:\\\/\\\/movezen.ee\\\/prugi-utiliseerimine\\\/\",\"url\":\"https:\\\/\\\/movezen.ee\\\/prugi-utiliseerimine\\\/\",\"name\":\"Pr\u00fcgi utiliseerimine - Movezen\",\"isPartOf\":{\"@id\":\"https:\\\/\\\/movezen.ee\\\/#website\"},\"datePublished\":\"2021-10-07T05:18:52+00:00\",\"dateModified\":\"2023-12-15T13:27:57+00:00\",\"description\":\"Movezen pr\u00fcgi utiliseerimine - Professionaalne teenus j\u00e4\u00e4tmete t\u00f5husaks ja keskkonnas\u00f5bralikuks k\u00f5rvaldamiseks.\",\"breadcrumb\":{\"@id\":\"https:\\\/\\\/movezen.ee\\\/prugi-utiliseerimine\\\/#breadcrumb\"},\"inLanguage\":\"ru-RU\",\"potentialAction\":[{\"@type\":\"ReadAction\",\"target\":[\"https:\\\/\\\/movezen.ee\\\/prugi-utiliseerimine\\\/\"]}]},{\"@type\":\"BreadcrumbList\",\"@id\":\"https:\\\/\\\/movezen.ee\\\/prugi-utiliseerimine\\\/#breadcrumb\",\"itemListElement\":[{\"@type\":\"ListItem\",\"position\":1,\"name\":\"Esileht\",\"item\":\"https:\\\/\\\/movezen.ee\\\/\"},{\"@type\":\"ListItem\",\"position\":2,\"name\":\"Pr\u00fcgi utiliseerimine\"}]},{\"@type\":\"WebSite\",\"@id\":\"https:\\\/\\\/movezen.ee\\\/#website\",\"url\":\"https:\\\/\\\/movezen.ee\\\/\",\"name\":\"Movezen kolimisteenused\",\"description\":\"Parim transporditeenused Tallinnas\",\"publisher\":{\"@id\":\"https:\\\/\\\/movezen.ee\\\/#organization\"},\"alternateName\":\"Movezen\",\"potentialAction\":[{\"@type\":\"SearchAction\",\"target\":{\"@type\":\"EntryPoint\",\"urlTemplate\":\"https:\\\/\\\/movezen.ee\\\/?s={search_term_string}\"},\"query-input\":{\"@type\":\"PropertyValueSpecification\",\"valueRequired\":true,\"valueName\":\"search_term_string\"}}],\"inLanguage\":\"ru-RU\"},{\"@type\":\"Organization\",\"@id\":\"https:\\\/\\\/movezen.ee\\\/#organization\",\"name\":\"Movezen\",\"alternateName\":\"Movezen\",\"url\":\"https:\\\/\\\/movezen.ee\\\/\",\"logo\":{\"@type\":\"ImageObject\",\"inLanguage\":\"ru-RU\",\"@id\":\"https:\\\/\\\/movezen.ee\\\/#\\\/schema\\\/logo\\\/image\\\/\",\"url\":\"https:\\\/\\\/movezen.ee\\\/wp-content\\\/uploads\\\/2023\\\/09\\\/Movezen-18.png\",\"contentUrl\":\"https:\\\/\\\/movezen.ee\\\/wp-content\\\/uploads\\\/2023\\\/09\\\/Movezen-18.png\",\"width\":250,\"height\":250,\"caption\":\"Movezen\"},\"image\":{\"@id\":\"https:\\\/\\\/movezen.ee\\\/#\\\/schema\\\/logo\\\/image\\\/\"},\"sameAs\":[\"https:\\\/\\\/www.facebook.com\\\/movezenEE\"]}]}<\/script>\n<!-- \/ Yoast SEO plugin. -->","yoast_head_json":{"title":"Pr\u00fcgi utiliseerimine - Movezen","description":"Movezen pr\u00fcgi utiliseerimine - Professionaalne teenus j\u00e4\u00e4tmete t\u00f5husaks ja keskkonnas\u00f5bralikuks k\u00f5rvaldamiseks.","robots":{"index":"index","follow":"follow","max-snippet":"max-snippet:-1","max-image-preview":"max-image-preview:large","max-video-preview":"max-video-preview:-1"},"canonical":"https:\/\/movezen.ee\/ru\/prugi-utiliseerimine\/","og_locale":"ru_RU","og_type":"article","og_title":"Pr\u00fcgi utiliseerimine - Movezen","og_description":"Movezen pr\u00fcgi utiliseerimine - Professionaalne teenus j\u00e4\u00e4tmete t\u00f5husaks ja keskkonnas\u00f5bralikuks k\u00f5rvaldamiseks.","og_url":"https:\/\/movezen.ee\/ru\/prugi-utiliseerimine\/","og_site_name":"Movezen","article_publisher":"https:\/\/www.facebook.com\/movezenEE","article_modified_time":"2023-12-15T13:27:57+00:00","og_image":[{"width":250,"height":250,"url":"https:\/\/movezen.ee\/wp-content\/uploads\/2023\/09\/Movezen-18.png","type":"image\/png"}],"twitter_card":"summary_large_image","twitter_misc":{"\u041f\u0440\u0438\u043c\u0435\u0440\u043d\u043e\u0435 \u0432\u0440\u0435\u043c\u044f \u0434\u043b\u044f \u0447\u0442\u0435\u043d\u0438\u044f":"2 \u043c\u0438\u043d\u0443\u0442\u044b"},"schema":{"@context":"https:\/\/schema.org","@graph":[{"@type":"WebPage","@id":"https:\/\/movezen.ee\/prugi-utiliseerimine\/","url":"https:\/\/movezen.ee\/prugi-utiliseerimine\/","name":"Pr\u00fcgi utiliseerimine - Movezen","isPartOf":{"@id":"https:\/\/movezen.ee\/#website"},"datePublished":"2021-10-07T05:18:52+00:00","dateModified":"2023-12-15T13:27:57+00:00","description":"Movezen pr\u00fcgi utiliseerimine - Professionaalne teenus j\u00e4\u00e4tmete t\u00f5husaks ja keskkonnas\u00f5bralikuks k\u00f5rvaldamiseks.","breadcrumb":{"@id":"https:\/\/movezen.ee\/prugi-utiliseerimine\/#breadcrumb"},"inLanguage":"ru-RU","potentialAction":[{"@type":"ReadAction","target":["https:\/\/movezen.ee\/prugi-utiliseerimine\/"]}]},{"@type":"BreadcrumbList","@id":"https:\/\/movezen.ee\/prugi-utiliseerimine\/#breadcrumb","itemListElement":[{"@type":"ListItem","position":1,"name":"Esileht","item":"https:\/\/movezen.ee\/"},{"@type":"ListItem","position":2,"name":"Pr\u00fcgi utiliseerimine"}]},{"@type":"WebSite","@id":"https:\/\/movezen.ee\/#website","url":"https:\/\/movezen.ee\/","name":"Movezen kolimisteenused","description":"Parim transporditeenused Tallinnas","publisher":{"@id":"https:\/\/movezen.ee\/#organization"},"alternateName":"Movezen","potentialAction":[{"@type":"SearchAction","target":{"@type":"EntryPoint","urlTemplate":"https:\/\/movezen.ee\/?s={search_term_string}"},"query-input":{"@type":"PropertyValueSpecification","valueRequired":true,"valueName":"search_term_string"}}],"inLanguage":"ru-RU"},{"@type":"Organization","@id":"https:\/\/movezen.ee\/#organization","name":"Movezen","alternateName":"Movezen","url":"https:\/\/movezen.ee\/","logo":{"@type":"ImageObject","inLanguage":"ru-RU","@id":"https:\/\/movezen.ee\/#\/schema\/logo\/image\/","url":"https:\/\/movezen.ee\/wp-content\/uploads\/2023\/09\/Movezen-18.png","contentUrl":"https:\/\/movezen.ee\/wp-content\/uploads\/2023\/09\/Movezen-18.png","width":250,"height":250,"caption":"Movezen"},"image":{"@id":"https:\/\/movezen.ee\/#\/schema\/logo\/image\/"},"sameAs":["https:\/\/www.facebook.com\/movezenEE"]}]}},"_links":{"self":[{"href":"https:\/\/movezen.ee\/ru\/wp-json\/wp\/v2\/pages\/848","targetHints":{"allow":["GET"]}}],"collection":[{"href":"https:\/\/movezen.ee\/ru\/wp-json\/wp\/v2\/pages"}],"about":[{"href":"https:\/\/movezen.ee\/ru\/wp-json\/wp\/v2\/types\/page"}],"author":[{"embeddable":true,"href":"https:\/\/movezen.ee\/ru\/wp-json\/wp\/v2\/users\/1"}],"replies":[{"embeddable":true,"href":"https:\/\/movezen.ee\/ru\/wp-json\/wp\/v2\/comments?post=848"}],"version-history":[{"count":18,"href":"https:\/\/movezen.ee\/ru\/wp-json\/wp\/v2\/pages\/848\/revisions"}],"predecessor-version":[{"id":3809,"href":"https:\/\/movezen.ee\/ru\/wp-json\/wp\/v2\/pages\/848\/revisions\/3809"}],"wp:attachment":[{"href":"https:\/\/movezen.ee\/ru\/wp-json\/wp\/v2\/media?parent=848"}],"curies":[{"name":"wp","href":"https:\/\/api.w.org\/{rel}","templated":true}]}}