{"id":826,"date":"2021-10-07T05:16:30","date_gmt":"2021-10-07T05:16:30","guid":{"rendered":"https:\/\/themexriver.com\/wp\/fastrans\/?page_id=826"},"modified":"2023-12-15T15:28:05","modified_gmt":"2023-12-15T13:28:05","slug":"rahvusvaheline-kolimine","status":"publish","type":"page","link":"https:\/\/movezen.ee\/ru\/rahvusvaheline-kolimine\/","title":{"rendered":"\u041c\u0435\u0436\u0434\u0443\u043d\u0430\u0440\u043e\u0434\u043d\u044b\u0435 \u043f\u0435\u0440\u0435\u0435\u0437\u0434\u044b"},"content":{"rendered":"<div data-elementor-type=\"wp-page\" data-elementor-id=\"826\" class=\"elementor elementor-826\">\n\t\t\t\t\t\t<section class=\"elementor-section elementor-top-section elementor-element elementor-element-06c71b2 elementor-section-full_width elementor-section-height-default elementor-section-height-default\" data-id=\"06c71b2\" data-element_type=\"section\" data-e-type=\"section\">\n\t\t\t\t\t\t<div class=\"elementor-container elementor-column-gap-default\">\n\t\t\t\t\t<div class=\"elementor-column elementor-col-100 elementor-top-column elementor-element elementor-element-e880b22\" data-id=\"e880b22\" data-element_type=\"column\" data-e-type=\"column\">\n\t\t\t<div class=\"elementor-widget-wrap elementor-element-populated\">\n\t\t\t\t\t\t<div class=\"elementor-element elementor-element-68d3af0 elementor-widget elementor-widget-fastrans_service_details\" data-id=\"68d3af0\" data-element_type=\"widget\" data-e-type=\"widget\" data-widget_type=\"fastrans_service_details.default\">\n\t\t\t\t<div class=\"elementor-widget-container\">\n\t\t\t\t\t\t\n    <!-- Start of Service details section\n\t============================================= -->\n\t<section id=\"ft-service-details\" class=\"ft-service-details-section page-padding\">\n\t\t<div class=\"container\">\n\t\t\t<div class=\"ft-service-details-content\">\n\t\t\t\t<div class=\"row\">\n\t\t\t\t\t                    <div class=\"col-lg-4\">\n\t\t\t\t\t\t<div class=\"ft-service-sidebar\">\n                        \t<div id=\"fastrans_service_sidebar-1\" class=\"service-widget sidebar-widget widget_fastrans_service_sidebar\">\t\t\n        <!-- Instagram Widget -->\n        <div class=\"ft-service-sidebar-widget headline ul-li-block\">\n            <div class=\"service-category-widget\">\n                <h3 class=\"widget-title\">\u0423\u0441\u043b\u0443\u0433\u0438<\/h3>                <ul>\n\t\t\t\t        \n           \t<!-- Title -->\n                        <li><a href=\"https:\/\/movezen.ee\/ru\/laadijate-teenused\/\">\u0423\u0441\u043b\u0443\u0433\u0438 \u0433\u0440\u0443\u0437\u0447\u0438\u043a\u043e\u0432<\/a><\/li>\n                        <li><a href=\"https:\/\/movezen.ee\/ru\/rahvusvaheline-kolimine\/\">\u041c\u0435\u0436\u0434\u0443\u043d\u0430\u0440\u043e\u0434\u043d\u044b\u0435 \u043f\u0435\u0440\u0435\u0435\u0437\u0434\u044b<\/a><\/li>\n                        <li><a href=\"https:\/\/movezen.ee\/ru\/prugi-utiliseerimine\/\">\u0423\u0442\u0438\u043b\u0438\u0437\u0430\u0446\u0438\u044f \u043c\u0443\u0441\u043e\u0440\u0430<\/a><\/li>\n                        <li><a href=\"https:\/\/movezen.ee\/ru\/eriveod\/\">\u0421\u043f\u0435\u0446\u0438\u0430\u043b\u044c\u043d\u044b\u0435 \u043f\u0435\u0440\u0435\u0432\u043e\u0437\u043a\u0438<\/a><\/li>\n                        <li><a href=\"https:\/\/movezen.ee\/ru\/kontorite-kolimine\/\">\u041e\u0444\u0438\u0441\u043d\u044b\u0435 \u043f\u0435\u0440\u0435\u0435\u0437\u0434\u044b<\/a><\/li>\n                        <li><a href=\"https:\/\/movezen.ee\/ru\/kolimisteenused\/\">\u0423\u0441\u043b\u0443\u0433\u0438 \u043f\u043e \u043f\u0435\u0440\u0435\u0435\u0437\u0434\u0443<\/a><\/li>\n                        <li><a href=\"https:\/\/movezen.ee\/ru\/veoteenused\/\">\u0413\u0440\u0443\u0437\u043e\u043f\u0435\u0440\u0435\u0432\u043e\u0437\u043a\u0438<\/a><\/li>\n                            \n                        <\/ul>\n            <\/div>\n        <\/div>\n        \n        <\/div><div id=\"fastrans_support_form-1\" class=\"service-widget sidebar-widget widget_fastrans_support_form\">      \t\t\n\t\t\t<div class=\"ft-service-sidebar-widget headline ul-li-block\">\n                <div class=\"service-form-widget\">\n                    <h3 class=\"widget-title text-uppercase\">\u0423 \u0432\u0430\u0441 \u043e\u0441\u0442\u0430\u043b\u0438\u0441\u044c \u0432\u043e\u043f\u0440\u043e\u0441\u044b?<\/h3>                                        <p>\u0421\u0432\u044f\u0436\u0438\u0442\u0435\u0441\u044c \u0441 \u043d\u0430\u043c\u0438!<\/p>\n                                        \n<div class=\"wpcf7 no-js\" id=\"wpcf7-f514-o1\" lang=\"en-US\" dir=\"ltr\" data-wpcf7-id=\"514\">\n<div class=\"screen-reader-response\"><p role=\"status\" aria-live=\"polite\" aria-atomic=\"true\"><\/p> <ul><\/ul><\/div>\n<form action=\"\/ru\/wp-json\/wp\/v2\/pages\/826#wpcf7-f514-o1\" method=\"post\" class=\"wpcf7-form init\" aria-label=\"Contact form\" novalidate=\"novalidate\" data-status=\"init\" data-trp-original-action=\"\/ru\/wp-json\/wp\/v2\/pages\/826#wpcf7-f514-o1\">\n<fieldset class=\"hidden-fields-container\"><input type=\"hidden\" name=\"_wpcf7\" value=\"514\" \/><input type=\"hidden\" name=\"_wpcf7_version\" value=\"6.1.5\" \/><input type=\"hidden\" name=\"_wpcf7_locale\" value=\"en_US\" \/><input type=\"hidden\" name=\"_wpcf7_unit_tag\" value=\"wpcf7-f514-o1\" \/><input type=\"hidden\" name=\"_wpcf7_container_post\" value=\"0\" \/><input type=\"hidden\" name=\"_wpcf7_posted_data_hash\" value=\"\" \/><input type=\"hidden\" name=\"_wpcf7_recaptcha_response\" value=\"\" \/>\n<\/fieldset>\n<p><span class=\"wpcf7-form-control-wrap\" data-name=\"text-256\"><input size=\"40\" maxlength=\"400\" class=\"wpcf7-form-control wpcf7-text wpcf7-validates-as-required\" aria-required=\"true\" aria-invalid=\"false\" placeholder=\"\u0418\u043c\u044f\" value=\"\" type=\"text\" name=\"text-256\" \/><\/span><br \/>\n<span class=\"wpcf7-form-control-wrap\" data-name=\"email-466\"><input size=\"40\" maxlength=\"400\" class=\"wpcf7-form-control wpcf7-email wpcf7-validates-as-required wpcf7-text wpcf7-validates-as-email\" aria-required=\"true\" aria-invalid=\"false\" placeholder=\"\u041f\u043e\u0447\u0442\u0430\" value=\"\" type=\"email\" name=\"email-466\" \/><\/span><br \/>\n<span class=\"wpcf7-form-control-wrap\" data-name=\"textarea-867\"><textarea cols=\"40\" rows=\"10\" maxlength=\"2000\" class=\"wpcf7-form-control wpcf7-textarea\" aria-invalid=\"false\" placeholder=\"\u0412\u0430\u0448\u0435 \u0441\u043e\u043e\u0431\u0449\u0435\u043d\u0438\u0435\" name=\"textarea-867\"><\/textarea><\/span><br \/>\n<button>\u041e\u0442\u043f\u0440\u0430\u0432\u0438\u0442\u044c<\/button>\n<\/p><p style=\"display: none !important;\" class=\"akismet-fields-container\" data-prefix=\"_wpcf7_ak_\"><label>&#916;<textarea name=\"_wpcf7_ak_hp_textarea\" cols=\"45\" rows=\"8\" maxlength=\"100\"><\/textarea><\/label><input type=\"hidden\" id=\"ak_js_1\" name=\"_wpcf7_ak_js\" value=\"185\"\/><script>document.getElementById( \"ak_js_1\" ).setAttribute( \"value\", ( new Date() ).getTime() );<\/script><\/p><div class=\"wpcf7-response-output\" aria-hidden=\"true\"><\/div>\n<input type=\"hidden\" name=\"trp-form-language\" value=\"ru\"\/><\/form>\n<\/div>\n                <\/div>\n            <\/div>\n              \n        <\/div>\t\t\t\t\t\t<\/div>\n\t\t\t\t\t<\/div>\n\t\t\t\t\t                    <div class=\"col-lg-8\">\n\t\t\t\t\t\t<div class=\"ft-service-details-content-wrapper headline pera-content\">\n\t\t\t\t\t\t\t<div class=\"ft-service-details-img-wrapper\">\n\t\t\t\t\t\t\t\t<div class=\"row\">\n\t\t\t\t\t\t\t\t\t                                    \t\t\t\t\t\t\t\t<\/div>\n\t\t\t\t\t\t\t<\/div>\n\t\t\t\t\t\t\t<div class=\"ft-service-details-text-wrapper\">\n\t\t\t\t\t\t\t\t<h3>\u041c\u0435\u0436\u0434\u0443\u043d\u0430\u0440\u043e\u0434\u043d\u044b\u0435 \u043f\u0435\u0440\u0435\u0435\u0437\u0434\u044b<\/h3> \t\t\t\t\t\t\t\t\n\t\t\t\t\t\t\t\t<p>\u041c\u0435\u0436\u0434\u0443\u043d\u0430\u0440\u043e\u0434\u043d\u044b\u0439 \u043f\u0435\u0440\u0435\u0435\u0437\u0434 \u0442\u0440\u0435\u0431\u0443\u0435\u0442 \u043c\u043d\u043e\u0433\u043e\u043b\u0435\u0442\u043d\u0435\u0433\u043e \u043e\u043f\u044b\u0442\u0430, \u0430\u043a\u043a\u0443\u0440\u0430\u0442\u043d\u043e\u0441\u0442\u0438, \u0437\u043d\u0430\u043d\u0438\u044f \u0434\u043e\u043a\u0443\u043c\u0435\u043d\u0442\u0430\u0446\u0438\u0438, \u0442\u0430\u043c\u043e\u0436\u0435\u043d\u043d\u044b\u0445 \u0438 \u0441\u0442\u0440\u0430\u0445\u043e\u0432\u044b\u0445 \u043f\u0440\u043e\u0446\u0435\u0441\u0441\u043e\u0432. \u041c\u044b \u0445\u043e\u0440\u043e\u0448\u043e \u0437\u043d\u0430\u0435\u043c \u0442\u043e\u043d\u043a\u043e\u0441\u0442\u0438 \u043d\u0430\u0437\u0435\u043c\u043d\u043e\u0433\u043e, \u043c\u043e\u0440\u0441\u043a\u043e\u0433\u043e \u0438 \u0432\u043e\u0437\u0434\u0443\u0448\u043d\u043e\u0433\u043e \u0442\u0440\u0430\u043d\u0441\u043f\u043e\u0440\u0442\u0430 \u0438 \u0438\u043c\u0435\u0435\u043c \u043d\u0430\u0434\u0435\u0436\u043d\u0443\u044e \u0441\u0435\u0442\u044c \u043f\u0430\u0440\u0442\u043d\u0435\u0440\u043e\u0432 \u043f\u043e \u0432\u0441\u0435\u043c\u0443 \u043c\u0438\u0440\u0443.\n\n\u0412\u0430\u043c \u043d\u0435 \u043f\u0440\u0438\u0434\u0435\u0442\u0441\u044f \u0431\u0435\u0441\u043f\u043e\u043a\u043e\u0438\u0442\u044c\u0441\u044f \u043e \u0432\u044b\u043f\u043e\u043b\u043d\u0435\u043d\u0438\u0438 \u043f\u043e\u0440\u0443\u0447\u0435\u043d\u0438\u0439. \u041c\u044b \u043f\u0440\u0435\u0434\u043b\u0430\u0433\u0430\u0435\u043c \u043f\u043e\u043b\u043d\u044b\u0439 \u043a\u043e\u043c\u043f\u043b\u0435\u043a\u0441 \u0443\u0441\u043b\u0443\u0433 \u0438 \u0433\u0430\u0440\u0430\u043d\u0442\u0438\u0440\u0443\u0435\u043c, \u0447\u0442\u043e \u0432\u0430\u0448 \u0442\u043e\u0432\u0430\u0440 \u0431\u0443\u0434\u0435\u0442 \u0434\u043e\u0441\u0442\u0430\u0432\u043b\u0435\u043d \u0432 \u043f\u0443\u043d\u043a\u0442 \u043d\u0430\u0437\u043d\u0430\u0447\u0435\u043d\u0438\u044f \u0432\u043e\u0432\u0440\u0435\u043c\u044f \u0438 \u0432 \u0446\u0435\u043b\u043e\u0441\u0442\u0438 \u0438 \u0441\u043e\u0445\u0440\u0430\u043d\u043d\u043e\u0441\u0442\u0438.<\/p>\t\t\t\t\t\t\t\t\n\t\t\t\t\t\t\t\t\t\t\t\t\t\t\t\t                                <h3>\u041c\u044b \u0441\u043e\u0441\u0442\u0430\u0432\u0438\u043c \u043f\u043b\u0430\u043d \u043f\u0435\u0440\u0435\u0435\u0437\u0434\u0430, \u0432\u043a\u043b\u044e\u0447\u0430\u044e\u0449\u0438\u0439 \u0432 \u0441\u0435\u0431\u044f:<\/h3>\n                                                                                                <p>\u0422\u0440\u0430\u043d\u0441\u043f\u043e\u0440\u0442\u043d\u044b\u0439 \u0440\u0430\u0441\u0447\u0435\u0442,\n\u0441\u0442\u043e\u0438\u043c\u043e\u0441\u0442\u044c \u0443\u043f\u0430\u043a\u043e\u0432\u043e\u0447\u043d\u043e\u0433\u043e \u043c\u0430\u0442\u0435\u0440\u0438\u0430\u043b\u0430,\n\u0443\u0441\u043b\u0443\u0433\u0438 \u043f\u043e \u043c\u0430\u0440\u043a\u0438\u0440\u043e\u0432\u043a\u0435,\n\u0443\u0441\u043b\u0443\u0433\u0438 \u043f\u043e \u0443\u043f\u0430\u043a\u043e\u0432\u043a\u0435 \u0438\u043c\u0443\u0449\u0435\u0441\u0442\u0432\u0430,\n\u0440\u0430\u0437\u0431\u043e\u0440\u043a\u0430 \u0438 \u0441\u0431\u043e\u0440\u043a\u0430 \u043c\u0435\u0431\u0435\u043b\u0438,\n\u043f\u043e\u0433\u0440\u0443\u0437\u043a\u0430 \u0438 \u0440\u0430\u0437\u0433\u0440\u0443\u0437\u043a\u0430 \u0442\u043e\u0432\u0430\u0440\u0430,\n\u0441\u0431\u043e\u0440 \u043e\u0442\u0445\u043e\u0434\u043e\u0432 \u0443\u043f\u0430\u043a\u043e\u0432\u043a\u0438,\n\u0441\u0442\u0440\u0430\u0445\u043e\u0432\u0430\u043d\u0438\u0435 \u0433\u0440\u0443\u0437\u043e\u0432,\n\u0442\u0430\u043c\u043e\u0436\u0435\u043d\u043d\u044b\u0435 \u0434\u0435\u043a\u043b\u0430\u0440\u0430\u0446\u0438\u0438,\n\u0438 \u0434\u0440\u0443\u0433\u0438\u0435 \u043d\u0435\u043e\u0431\u0445\u043e\u0434\u0438\u043c\u044b\u0435 \u0434\u043e\u043a\u0443\u043c\u0435\u043d\u0442\u044b.\n\u041f\u0440\u0438 \u043d\u0435\u043e\u0431\u0445\u043e\u0434\u0438\u043c\u043e\u0441\u0442\u0438 \u043a\u043e\u043d\u0441\u0443\u043b\u044c\u0442\u0438\u0440\u0443\u0435\u043c \u043f\u0435\u0440\u0435\u0434 \u043f\u0435\u0440\u0435\u0435\u0437\u0434\u043e\u043c. <\/p>\n\t\t\t\t\t\t\t\t\t\t\t\t\t\t\t\t    \t\n\t\t\t\t\t\t\t<\/div>\n\t\t\t\t\t\t<\/div>\n\t\t\t\t\t<\/div>\n\t\t\t\t<\/div>\n\t\t\t<\/div>\n\t\t<\/div>\n\t<\/section>\t\n\t<!-- End of Service details section\n\t============================================= -->\n    \n    \t\t\t\t<\/div>\n\t\t\t\t<\/div>\n\t\t\t\t\t<\/div>\n\t\t<\/div>\n\t\t\t\t\t<\/div>\n\t\t<\/section>\n\t\t\t\t<\/div>","protected":false},"excerpt":{"rendered":"<p>Teenused Laadijate teenused Rahvusvaheline kolimine Pr\u00fcgi utiliseerimine Eriveod Kontorite kolimine Kolimisteenused Veoteenused KAS TEIL ON VEEL K\u00dcSIMUSI? V\u00f5tke meiega \u00fchendust! Saada &#916; Rahvusvaheline kolimine Rahvusvaheline kolimine n\u00f5uab aastatepikkust kogemust, t\u00e4psust, dokumentatsiooni, tolli- ja kindlustusprotsesside tundmist. Meie tunneme maismaa-, mere- ja lennutranspordiga seotud detaile h\u00e4sti ning omame usaldusv\u00e4\u00e4rset partnerite v\u00f5rgustiku \u00fcle kogu maailma. Sa ei pea [&hellip;]<\/p>\n","protected":false},"author":1,"featured_media":0,"parent":0,"menu_order":0,"comment_status":"closed","ping_status":"closed","template":"tpl-default-elementor.php","meta":{"footnotes":""},"class_list":["post-826","page","type-page","status-publish","hentry"],"yoast_head":"<!-- This site is optimized with the Yoast SEO plugin v27.4 - https:\/\/yoast.com\/product\/yoast-seo-wordpress\/ -->\n<title>Rahvusvaheline kolimine - Movezen<\/title>\n<meta name=\"description\" content=\"Movezen rahvusvaheline kolimine - Usaldusv\u00e4\u00e4rne partner teie rahvusvahelisel kolimisteekonnal. Pakume professionaalset abi ja kohandatud lahendusi, tagades sujuva ja muretu kolimise \u00fcle Euroopa.\" \/>\n<meta name=\"robots\" content=\"index, follow, max-snippet:-1, max-image-preview:large, max-video-preview:-1\" \/>\n<link rel=\"canonical\" href=\"https:\/\/movezen.ee\/ru\/rahvusvaheline-kolimine\/\" \/>\n<meta property=\"og:locale\" content=\"ru_RU\" \/>\n<meta property=\"og:type\" content=\"article\" \/>\n<meta property=\"og:title\" content=\"Rahvusvaheline kolimine - Movezen\" \/>\n<meta property=\"og:description\" content=\"Movezen rahvusvaheline kolimine - Usaldusv\u00e4\u00e4rne partner teie rahvusvahelisel kolimisteekonnal. Pakume professionaalset abi ja kohandatud lahendusi, tagades sujuva ja muretu kolimise \u00fcle Euroopa.\" \/>\n<meta property=\"og:url\" content=\"https:\/\/movezen.ee\/ru\/rahvusvaheline-kolimine\/\" \/>\n<meta property=\"og:site_name\" content=\"Movezen\" \/>\n<meta property=\"article:publisher\" content=\"https:\/\/www.facebook.com\/movezenEE\" \/>\n<meta property=\"article:modified_time\" content=\"2023-12-15T13:28:05+00:00\" \/>\n<meta property=\"og:image\" content=\"https:\/\/movezen.ee\/wp-content\/uploads\/2023\/09\/Movezen-18.png\" \/>\n\t<meta property=\"og:image:width\" content=\"250\" \/>\n\t<meta property=\"og:image:height\" content=\"250\" \/>\n\t<meta property=\"og:image:type\" content=\"image\/png\" \/>\n<meta name=\"twitter:card\" content=\"summary_large_image\" \/>\n<meta name=\"twitter:label1\" content=\"\u041f\u0440\u0438\u043c\u0435\u0440\u043d\u043e\u0435 \u0432\u0440\u0435\u043c\u044f \u0434\u043b\u044f \u0447\u0442\u0435\u043d\u0438\u044f\" \/>\n\t<meta name=\"twitter:data1\" content=\"1 \u043c\u0438\u043d\u0443\u0442\u0430\" \/>\n<script type=\"application\/ld+json\" class=\"yoast-schema-graph\">{\"@context\":\"https:\\\/\\\/schema.org\",\"@graph\":[{\"@type\":\"WebPage\",\"@id\":\"https:\\\/\\\/movezen.ee\\\/rahvusvaheline-kolimine\\\/\",\"url\":\"https:\\\/\\\/movezen.ee\\\/rahvusvaheline-kolimine\\\/\",\"name\":\"Rahvusvaheline kolimine - Movezen\",\"isPartOf\":{\"@id\":\"https:\\\/\\\/movezen.ee\\\/#website\"},\"datePublished\":\"2021-10-07T05:16:30+00:00\",\"dateModified\":\"2023-12-15T13:28:05+00:00\",\"description\":\"Movezen rahvusvaheline kolimine - Usaldusv\u00e4\u00e4rne partner teie rahvusvahelisel kolimisteekonnal. Pakume professionaalset abi ja kohandatud lahendusi, tagades sujuva ja muretu kolimise \u00fcle Euroopa.\",\"breadcrumb\":{\"@id\":\"https:\\\/\\\/movezen.ee\\\/rahvusvaheline-kolimine\\\/#breadcrumb\"},\"inLanguage\":\"ru-RU\",\"potentialAction\":[{\"@type\":\"ReadAction\",\"target\":[\"https:\\\/\\\/movezen.ee\\\/rahvusvaheline-kolimine\\\/\"]}]},{\"@type\":\"BreadcrumbList\",\"@id\":\"https:\\\/\\\/movezen.ee\\\/rahvusvaheline-kolimine\\\/#breadcrumb\",\"itemListElement\":[{\"@type\":\"ListItem\",\"position\":1,\"name\":\"Esileht\",\"item\":\"https:\\\/\\\/movezen.ee\\\/\"},{\"@type\":\"ListItem\",\"position\":2,\"name\":\"Rahvusvaheline kolimine\"}]},{\"@type\":\"WebSite\",\"@id\":\"https:\\\/\\\/movezen.ee\\\/#website\",\"url\":\"https:\\\/\\\/movezen.ee\\\/\",\"name\":\"Movezen kolimisteenused\",\"description\":\"Parim transporditeenused Tallinnas\",\"publisher\":{\"@id\":\"https:\\\/\\\/movezen.ee\\\/#organization\"},\"alternateName\":\"Movezen\",\"potentialAction\":[{\"@type\":\"SearchAction\",\"target\":{\"@type\":\"EntryPoint\",\"urlTemplate\":\"https:\\\/\\\/movezen.ee\\\/?s={search_term_string}\"},\"query-input\":{\"@type\":\"PropertyValueSpecification\",\"valueRequired\":true,\"valueName\":\"search_term_string\"}}],\"inLanguage\":\"ru-RU\"},{\"@type\":\"Organization\",\"@id\":\"https:\\\/\\\/movezen.ee\\\/#organization\",\"name\":\"Movezen\",\"alternateName\":\"Movezen\",\"url\":\"https:\\\/\\\/movezen.ee\\\/\",\"logo\":{\"@type\":\"ImageObject\",\"inLanguage\":\"ru-RU\",\"@id\":\"https:\\\/\\\/movezen.ee\\\/#\\\/schema\\\/logo\\\/image\\\/\",\"url\":\"https:\\\/\\\/movezen.ee\\\/wp-content\\\/uploads\\\/2023\\\/09\\\/Movezen-18.png\",\"contentUrl\":\"https:\\\/\\\/movezen.ee\\\/wp-content\\\/uploads\\\/2023\\\/09\\\/Movezen-18.png\",\"width\":250,\"height\":250,\"caption\":\"Movezen\"},\"image\":{\"@id\":\"https:\\\/\\\/movezen.ee\\\/#\\\/schema\\\/logo\\\/image\\\/\"},\"sameAs\":[\"https:\\\/\\\/www.facebook.com\\\/movezenEE\"]}]}<\/script>\n<!-- \/ Yoast SEO plugin. -->","yoast_head_json":{"title":"Rahvusvaheline kolimine - Movezen","description":"Movezen rahvusvaheline kolimine - Usaldusv\u00e4\u00e4rne partner teie rahvusvahelisel kolimisteekonnal. Pakume professionaalset abi ja kohandatud lahendusi, tagades sujuva ja muretu kolimise \u00fcle Euroopa.","robots":{"index":"index","follow":"follow","max-snippet":"max-snippet:-1","max-image-preview":"max-image-preview:large","max-video-preview":"max-video-preview:-1"},"canonical":"https:\/\/movezen.ee\/ru\/rahvusvaheline-kolimine\/","og_locale":"ru_RU","og_type":"article","og_title":"Rahvusvaheline kolimine - Movezen","og_description":"Movezen rahvusvaheline kolimine - Usaldusv\u00e4\u00e4rne partner teie rahvusvahelisel kolimisteekonnal. Pakume professionaalset abi ja kohandatud lahendusi, tagades sujuva ja muretu kolimise \u00fcle Euroopa.","og_url":"https:\/\/movezen.ee\/ru\/rahvusvaheline-kolimine\/","og_site_name":"Movezen","article_publisher":"https:\/\/www.facebook.com\/movezenEE","article_modified_time":"2023-12-15T13:28:05+00:00","og_image":[{"width":250,"height":250,"url":"https:\/\/movezen.ee\/wp-content\/uploads\/2023\/09\/Movezen-18.png","type":"image\/png"}],"twitter_card":"summary_large_image","twitter_misc":{"\u041f\u0440\u0438\u043c\u0435\u0440\u043d\u043e\u0435 \u0432\u0440\u0435\u043c\u044f \u0434\u043b\u044f \u0447\u0442\u0435\u043d\u0438\u044f":"1 \u043c\u0438\u043d\u0443\u0442\u0430"},"schema":{"@context":"https:\/\/schema.org","@graph":[{"@type":"WebPage","@id":"https:\/\/movezen.ee\/rahvusvaheline-kolimine\/","url":"https:\/\/movezen.ee\/rahvusvaheline-kolimine\/","name":"Rahvusvaheline kolimine - Movezen","isPartOf":{"@id":"https:\/\/movezen.ee\/#website"},"datePublished":"2021-10-07T05:16:30+00:00","dateModified":"2023-12-15T13:28:05+00:00","description":"Movezen rahvusvaheline kolimine - Usaldusv\u00e4\u00e4rne partner teie rahvusvahelisel kolimisteekonnal. Pakume professionaalset abi ja kohandatud lahendusi, tagades sujuva ja muretu kolimise \u00fcle Euroopa.","breadcrumb":{"@id":"https:\/\/movezen.ee\/rahvusvaheline-kolimine\/#breadcrumb"},"inLanguage":"ru-RU","potentialAction":[{"@type":"ReadAction","target":["https:\/\/movezen.ee\/rahvusvaheline-kolimine\/"]}]},{"@type":"BreadcrumbList","@id":"https:\/\/movezen.ee\/rahvusvaheline-kolimine\/#breadcrumb","itemListElement":[{"@type":"ListItem","position":1,"name":"Esileht","item":"https:\/\/movezen.ee\/"},{"@type":"ListItem","position":2,"name":"Rahvusvaheline kolimine"}]},{"@type":"WebSite","@id":"https:\/\/movezen.ee\/#website","url":"https:\/\/movezen.ee\/","name":"Movezen kolimisteenused","description":"Parim transporditeenused Tallinnas","publisher":{"@id":"https:\/\/movezen.ee\/#organization"},"alternateName":"Movezen","potentialAction":[{"@type":"SearchAction","target":{"@type":"EntryPoint","urlTemplate":"https:\/\/movezen.ee\/?s={search_term_string}"},"query-input":{"@type":"PropertyValueSpecification","valueRequired":true,"valueName":"search_term_string"}}],"inLanguage":"ru-RU"},{"@type":"Organization","@id":"https:\/\/movezen.ee\/#organization","name":"Movezen","alternateName":"Movezen","url":"https:\/\/movezen.ee\/","logo":{"@type":"ImageObject","inLanguage":"ru-RU","@id":"https:\/\/movezen.ee\/#\/schema\/logo\/image\/","url":"https:\/\/movezen.ee\/wp-content\/uploads\/2023\/09\/Movezen-18.png","contentUrl":"https:\/\/movezen.ee\/wp-content\/uploads\/2023\/09\/Movezen-18.png","width":250,"height":250,"caption":"Movezen"},"image":{"@id":"https:\/\/movezen.ee\/#\/schema\/logo\/image\/"},"sameAs":["https:\/\/www.facebook.com\/movezenEE"]}]}},"_links":{"self":[{"href":"https:\/\/movezen.ee\/ru\/wp-json\/wp\/v2\/pages\/826","targetHints":{"allow":["GET"]}}],"collection":[{"href":"https:\/\/movezen.ee\/ru\/wp-json\/wp\/v2\/pages"}],"about":[{"href":"https:\/\/movezen.ee\/ru\/wp-json\/wp\/v2\/types\/page"}],"author":[{"embeddable":true,"href":"https:\/\/movezen.ee\/ru\/wp-json\/wp\/v2\/users\/1"}],"replies":[{"embeddable":true,"href":"https:\/\/movezen.ee\/ru\/wp-json\/wp\/v2\/comments?post=826"}],"version-history":[{"count":15,"href":"https:\/\/movezen.ee\/ru\/wp-json\/wp\/v2\/pages\/826\/revisions"}],"predecessor-version":[{"id":3812,"href":"https:\/\/movezen.ee\/ru\/wp-json\/wp\/v2\/pages\/826\/revisions\/3812"}],"wp:attachment":[{"href":"https:\/\/movezen.ee\/ru\/wp-json\/wp\/v2\/media?parent=826"}],"curies":[{"name":"wp","href":"https:\/\/api.w.org\/{rel}","templated":true}]}}