{"id":3756,"date":"2023-12-13T23:30:27","date_gmt":"2023-12-13T21:30:27","guid":{"rendered":"https:\/\/movezen.ee\/?page_id=3756"},"modified":"2023-12-15T15:25:58","modified_gmt":"2023-12-15T13:25:58","slug":"kolimisteenused","status":"publish","type":"page","link":"https:\/\/movezen.ee\/ru\/kolimisteenused\/","title":{"rendered":"\u0423\u0441\u043b\u0443\u0433\u0438 \u043f\u043e \u043f\u0435\u0440\u0435\u0435\u0437\u0434\u0443"},"content":{"rendered":"\t\t<div data-elementor-type=\"wp-page\" data-elementor-id=\"3756\" class=\"elementor elementor-3756\">\n\t\t\t\t\t\t<section class=\"elementor-section elementor-top-section elementor-element elementor-element-3b5e6b1 elementor-section-full_width elementor-section-height-default elementor-section-height-default\" data-id=\"3b5e6b1\" data-element_type=\"section\" data-e-type=\"section\">\n\t\t\t\t\t\t<div class=\"elementor-container elementor-column-gap-default\">\n\t\t\t\t\t<div class=\"elementor-column elementor-col-100 elementor-top-column elementor-element elementor-element-708cfd4\" data-id=\"708cfd4\" data-element_type=\"column\" data-e-type=\"column\">\n\t\t\t<div class=\"elementor-widget-wrap elementor-element-populated\">\n\t\t\t\t\t\t<div class=\"elementor-element elementor-element-8209499 elementor-widget elementor-widget-fastrans_service_details\" data-id=\"8209499\" data-element_type=\"widget\" data-e-type=\"widget\" data-widget_type=\"fastrans_service_details.default\">\n\t\t\t\t<div class=\"elementor-widget-container\">\n\t\t\t\t\t\t\n    <!-- Start of Service details section\n\t============================================= -->\n\t<section id=\"ft-service-details\" class=\"ft-service-details-section page-padding\">\n\t\t<div class=\"container\">\n\t\t\t<div class=\"ft-service-details-content\">\n\t\t\t\t<div class=\"row\">\n\t\t\t\t\t                    <div class=\"col-lg-4\">\n\t\t\t\t\t\t<div class=\"ft-service-sidebar\">\n                        \t<div id=\"fastrans_service_sidebar-1\" class=\"service-widget sidebar-widget widget_fastrans_service_sidebar\">\t\t\n        <!-- Instagram Widget -->\n        <div class=\"ft-service-sidebar-widget headline ul-li-block\">\n            <div class=\"service-category-widget\">\n                <h3 class=\"widget-title\">Teenused<\/h3>                <ul>\n\t\t\t\t        \n           \t<!-- Title -->\n                        <li><a href=\"https:\/\/movezen.ee\/laadijate-teenused\/\">Laadijate teenused<\/a><\/li>\n                        <li><a href=\"https:\/\/movezen.ee\/rahvusvaheline-kolimine\/\">Rahvusvaheline kolimine<\/a><\/li>\n                        <li><a href=\"https:\/\/movezen.ee\/prugi-utiliseerimine\/\">Pr\u00fcgi utiliseerimine<\/a><\/li>\n                        <li><a href=\"https:\/\/movezen.ee\/eriveod\/\">Eriveod<\/a><\/li>\n                        <li><a href=\"https:\/\/movezen.ee\/kontorite-kolimine\/\">Kontorite kolimine<\/a><\/li>\n                        <li><a href=\"https:\/\/movezen.ee\/kolimisteenused\/\">Kolimisteenused<\/a><\/li>\n                        <li><a href=\"https:\/\/movezen.ee\/veoteenused\/\">Veoteenused<\/a><\/li>\n                            \n                        <\/ul>\n            <\/div>\n        <\/div>\n        \n        <\/div><div id=\"fastrans_support_form-1\" class=\"service-widget sidebar-widget widget_fastrans_support_form\">      \t\t\n\t\t\t<div class=\"ft-service-sidebar-widget headline ul-li-block\">\n                <div class=\"service-form-widget\">\n                    <h3 class=\"widget-title text-uppercase\">KAS TEIL ON VEEL K\u00dcSIMUSI?<\/h3>                                        <p>V\u00f5tke meiega \u00fchendust!<\/p>\n                                        \n<div class=\"wpcf7 no-js\" id=\"wpcf7-f514-o1\" lang=\"en-US\" dir=\"ltr\" data-wpcf7-id=\"514\">\n<div class=\"screen-reader-response\"><p role=\"status\" aria-live=\"polite\" aria-atomic=\"true\"><\/p> <ul><\/ul><\/div>\n<form action=\"\/ru\/wp-json\/wp\/v2\/pages\/3756#wpcf7-f514-o1\" method=\"post\" class=\"wpcf7-form init\" aria-label=\"Contact form\" novalidate=\"novalidate\" data-status=\"init\">\n<fieldset class=\"hidden-fields-container\"><input type=\"hidden\" name=\"_wpcf7\" value=\"514\" \/><input type=\"hidden\" name=\"_wpcf7_version\" value=\"6.1.5\" \/><input type=\"hidden\" name=\"_wpcf7_locale\" value=\"en_US\" \/><input type=\"hidden\" name=\"_wpcf7_unit_tag\" value=\"wpcf7-f514-o1\" \/><input type=\"hidden\" name=\"_wpcf7_container_post\" value=\"0\" \/><input type=\"hidden\" name=\"_wpcf7_posted_data_hash\" value=\"\" \/><input type=\"hidden\" name=\"_wpcf7_recaptcha_response\" value=\"\" \/>\n<\/fieldset>\n<p><span class=\"wpcf7-form-control-wrap\" data-name=\"text-256\"><input size=\"40\" maxlength=\"400\" class=\"wpcf7-form-control wpcf7-text wpcf7-validates-as-required\" aria-required=\"true\" aria-invalid=\"false\" placeholder=\"Nimi\" value=\"\" type=\"text\" name=\"text-256\" \/><\/span><br \/>\n<span class=\"wpcf7-form-control-wrap\" data-name=\"email-466\"><input size=\"40\" maxlength=\"400\" class=\"wpcf7-form-control wpcf7-email wpcf7-validates-as-required wpcf7-text wpcf7-validates-as-email\" aria-required=\"true\" aria-invalid=\"false\" placeholder=\"E-post\" value=\"\" type=\"email\" name=\"email-466\" \/><\/span><br \/>\n<span class=\"wpcf7-form-control-wrap\" data-name=\"textarea-867\"><textarea cols=\"40\" rows=\"10\" maxlength=\"2000\" class=\"wpcf7-form-control wpcf7-textarea\" aria-invalid=\"false\" placeholder=\"Teie s\u00f5num\" name=\"textarea-867\"><\/textarea><\/span><br \/>\n<button>Saada<\/button>\n<\/p><p style=\"display: none !important;\" class=\"akismet-fields-container\" data-prefix=\"_wpcf7_ak_\"><label>&#916;<textarea name=\"_wpcf7_ak_hp_textarea\" cols=\"45\" rows=\"8\" maxlength=\"100\"><\/textarea><\/label><input type=\"hidden\" id=\"ak_js_1\" name=\"_wpcf7_ak_js\" value=\"108\"\/><script type=\"text\/javascript\">\n\/* <![CDATA[ *\/\ndocument.getElementById( \"ak_js_1\" ).setAttribute( \"value\", ( new Date() ).getTime() );\n\/* ]]> *\/\n<\/script>\n<\/p><div class=\"wpcf7-response-output\" aria-hidden=\"true\"><\/div>\n<\/form>\n<\/div>\n                <\/div>\n            <\/div>\n              \n        <\/div>\t\t\t\t\t\t<\/div>\n\t\t\t\t\t<\/div>\n\t\t\t\t\t                    <div class=\"col-lg-8\">\n\t\t\t\t\t\t<div class=\"ft-service-details-content-wrapper headline pera-content\">\n\t\t\t\t\t\t\t<div class=\"ft-service-details-img-wrapper\">\n\t\t\t\t\t\t\t\t<div class=\"row\">\n\t\t\t\t\t\t\t\t\t                                    \t\t\t\t\t\t\t\t<\/div>\n\t\t\t\t\t\t\t<\/div>\n\t\t\t\t\t\t\t<div class=\"ft-service-details-text-wrapper\">\n\t\t\t\t\t\t\t\t<h3>Kolimisteenused<\/h3> \t\t\t\t\t\t\t\t\n\t\t\t\t\t\t\t\t<p>Aitame kolida Teie vara nii majast, korterist, suvilast, garaa\u017eist v\u00f5i m\u00f5nelt muult pinnalt soovitud asukohta. Eestis pakume kolimisteenuseid Tallinnas ja Harjumaal, kokkuleppeliselt ka Tartus.\n\nMeie kolijad omavad pikaajalist professionaalset kogemust, tagades, et iga kolimine, alates diivani transpordist l\u00f5petades terve maja sisustuse kolimisega, saab edukalt ja vaevatult tehtud! <\/p>\t\t\t\t\t\t\t\t\n\t\t\t\t\t\t\t\t\t\t\t\t\t\t\t\t                                <h3>M\u00f6\u00f6bli ja tehnika kolimine<\/h3>\n                                                                                                <p>M\u00f6\u00f6bli ja tehnika kolimisel pakume samuti erinevaid lahendusi. Pakume uue m\u00f6\u00f6bli turvalist kohaletoomist n\u00e4iteks poest v\u00f5i ka mujalt. Sama kehtib ka erineva tehnika kolimisel v\u00f5i kohale toimetamisel. \n\nKui klient soovib, saame peale kohaletoimetamist asjad lahti pakendada ja kokku monteerida ning majapidamises \u00f5igesse kohta paigaldada. Vajadusel v\u00f5tame k\u00f5ik pakendid endaga kaasa ning utiliseerime etten\u00e4htud korras. Kui leidsid huvitavat, aga pole veel teemas p\u00e4ris kindel, v\u00f5ta meiega \u00fchendust.  <\/p>\n\t\t\t\t\t\t\t\t\t\t\t\t\t\t\t\t    \t\n\t\t\t\t\t\t\t<\/div>\n\t\t\t\t\t\t<\/div>\n\t\t\t\t\t<\/div>\n\t\t\t\t<\/div>\n\t\t\t<\/div>\n\t\t<\/div>\n\t<\/section>\t\n\t<!-- End of Service details section\n\t============================================= -->\n    \n    \t\t\t\t<\/div>\n\t\t\t\t<\/div>\n\t\t\t\t\t<\/div>\n\t\t<\/div>\n\t\t\t\t\t<\/div>\n\t\t<\/section>\n\t\t\t\t<\/div>\n\t\t","protected":false},"excerpt":{"rendered":"<p>Teenused Laadijate teenused Rahvusvaheline kolimine Pr\u00fcgi utiliseerimine Eriveod Kontorite kolimine Kolimisteenused Veoteenused KAS TEIL ON VEEL K\u00dcSIMUSI? V\u00f5tke meiega \u00fchendust! Saada &#916; Kolimisteenused Aitame kolida Teie vara nii majast, korterist, suvilast, garaa\u017eist v\u00f5i m\u00f5nelt muult pinnalt soovitud asukohta. Eestis pakume kolimisteenuseid Tallinnas ja Harjumaal, kokkuleppeliselt ka Tartus. Meie kolijad omavad pikaajalist professionaalset kogemust, tagades, et [&hellip;]<\/p>\n","protected":false},"author":1,"featured_media":0,"parent":0,"menu_order":0,"comment_status":"closed","ping_status":"closed","template":"tpl-default-elementor.php","meta":{"footnotes":""},"class_list":["post-3756","page","type-page","status-publish","hentry"],"yoast_head":"<!-- This site is optimized with the Yoast SEO plugin v27.4 - https:\/\/yoast.com\/product\/yoast-seo-wordpress\/ -->\n<title>Kolimisteenused - Movezen<\/title>\n<meta name=\"description\" content=\"Movezen kolimisteenused \u2013 Professionaalne ja usaldusv\u00e4\u00e4rne abi vara kolimisel Eestis. Kolige muretult koos meiega \u2013 Tallinnas, Harjumaal.\" \/>\n<meta name=\"robots\" content=\"index, follow, max-snippet:-1, max-image-preview:large, max-video-preview:-1\" \/>\n<link rel=\"canonical\" href=\"https:\/\/movezen.ee\/ru\/kolimisteenused\/\" \/>\n<meta property=\"og:locale\" content=\"ru_RU\" \/>\n<meta property=\"og:type\" content=\"article\" \/>\n<meta property=\"og:title\" content=\"Kolimisteenused - Movezen\" \/>\n<meta property=\"og:description\" content=\"Movezen kolimisteenused \u2013 Professionaalne ja usaldusv\u00e4\u00e4rne abi vara kolimisel Eestis. Kolige muretult koos meiega \u2013 Tallinnas, Harjumaal.\" \/>\n<meta property=\"og:url\" content=\"https:\/\/movezen.ee\/ru\/kolimisteenused\/\" \/>\n<meta property=\"og:site_name\" content=\"Movezen\" \/>\n<meta property=\"article:publisher\" content=\"https:\/\/www.facebook.com\/movezenEE\" \/>\n<meta property=\"article:modified_time\" content=\"2023-12-15T13:25:58+00:00\" \/>\n<meta property=\"og:image\" content=\"https:\/\/movezen.ee\/wp-content\/uploads\/2023\/09\/Movezen-18.png\" \/>\n\t<meta property=\"og:image:width\" content=\"250\" \/>\n\t<meta property=\"og:image:height\" content=\"250\" \/>\n\t<meta property=\"og:image:type\" content=\"image\/png\" \/>\n<meta name=\"twitter:card\" content=\"summary_large_image\" \/>\n<meta name=\"twitter:label1\" content=\"\u041f\u0440\u0438\u043c\u0435\u0440\u043d\u043e\u0435 \u0432\u0440\u0435\u043c\u044f \u0434\u043b\u044f \u0447\u0442\u0435\u043d\u0438\u044f\" \/>\n\t<meta name=\"twitter:data1\" content=\"1 \u043c\u0438\u043d\u0443\u0442\u0430\" \/>\n<script type=\"application\/ld+json\" class=\"yoast-schema-graph\">{\"@context\":\"https:\\\/\\\/schema.org\",\"@graph\":[{\"@type\":\"WebPage\",\"@id\":\"https:\\\/\\\/movezen.ee\\\/kolimisteenused\\\/\",\"url\":\"https:\\\/\\\/movezen.ee\\\/kolimisteenused\\\/\",\"name\":\"Kolimisteenused - Movezen\",\"isPartOf\":{\"@id\":\"https:\\\/\\\/movezen.ee\\\/#website\"},\"datePublished\":\"2023-12-13T21:30:27+00:00\",\"dateModified\":\"2023-12-15T13:25:58+00:00\",\"description\":\"Movezen kolimisteenused \u2013 Professionaalne ja usaldusv\u00e4\u00e4rne abi vara kolimisel Eestis. Kolige muretult koos meiega \u2013 Tallinnas, Harjumaal.\",\"breadcrumb\":{\"@id\":\"https:\\\/\\\/movezen.ee\\\/kolimisteenused\\\/#breadcrumb\"},\"inLanguage\":\"ru-RU\",\"potentialAction\":[{\"@type\":\"ReadAction\",\"target\":[\"https:\\\/\\\/movezen.ee\\\/kolimisteenused\\\/\"]}]},{\"@type\":\"BreadcrumbList\",\"@id\":\"https:\\\/\\\/movezen.ee\\\/kolimisteenused\\\/#breadcrumb\",\"itemListElement\":[{\"@type\":\"ListItem\",\"position\":1,\"name\":\"Esileht\",\"item\":\"https:\\\/\\\/movezen.ee\\\/\"},{\"@type\":\"ListItem\",\"position\":2,\"name\":\"Kolimisteenused\"}]},{\"@type\":\"WebSite\",\"@id\":\"https:\\\/\\\/movezen.ee\\\/#website\",\"url\":\"https:\\\/\\\/movezen.ee\\\/\",\"name\":\"Movezen kolimisteenused\",\"description\":\"Parim transporditeenused Tallinnas\",\"publisher\":{\"@id\":\"https:\\\/\\\/movezen.ee\\\/#organization\"},\"alternateName\":\"Movezen\",\"potentialAction\":[{\"@type\":\"SearchAction\",\"target\":{\"@type\":\"EntryPoint\",\"urlTemplate\":\"https:\\\/\\\/movezen.ee\\\/?s={search_term_string}\"},\"query-input\":{\"@type\":\"PropertyValueSpecification\",\"valueRequired\":true,\"valueName\":\"search_term_string\"}}],\"inLanguage\":\"ru-RU\"},{\"@type\":\"Organization\",\"@id\":\"https:\\\/\\\/movezen.ee\\\/#organization\",\"name\":\"Movezen\",\"alternateName\":\"Movezen\",\"url\":\"https:\\\/\\\/movezen.ee\\\/\",\"logo\":{\"@type\":\"ImageObject\",\"inLanguage\":\"ru-RU\",\"@id\":\"https:\\\/\\\/movezen.ee\\\/#\\\/schema\\\/logo\\\/image\\\/\",\"url\":\"https:\\\/\\\/movezen.ee\\\/wp-content\\\/uploads\\\/2023\\\/09\\\/Movezen-18.png\",\"contentUrl\":\"https:\\\/\\\/movezen.ee\\\/wp-content\\\/uploads\\\/2023\\\/09\\\/Movezen-18.png\",\"width\":250,\"height\":250,\"caption\":\"Movezen\"},\"image\":{\"@id\":\"https:\\\/\\\/movezen.ee\\\/#\\\/schema\\\/logo\\\/image\\\/\"},\"sameAs\":[\"https:\\\/\\\/www.facebook.com\\\/movezenEE\"]}]}<\/script>\n<!-- \/ Yoast SEO plugin. -->","yoast_head_json":{"title":"Kolimisteenused - Movezen","description":"Movezen kolimisteenused \u2013 Professionaalne ja usaldusv\u00e4\u00e4rne abi vara kolimisel Eestis. Kolige muretult koos meiega \u2013 Tallinnas, Harjumaal.","robots":{"index":"index","follow":"follow","max-snippet":"max-snippet:-1","max-image-preview":"max-image-preview:large","max-video-preview":"max-video-preview:-1"},"canonical":"https:\/\/movezen.ee\/ru\/kolimisteenused\/","og_locale":"ru_RU","og_type":"article","og_title":"Kolimisteenused - Movezen","og_description":"Movezen kolimisteenused \u2013 Professionaalne ja usaldusv\u00e4\u00e4rne abi vara kolimisel Eestis. Kolige muretult koos meiega \u2013 Tallinnas, Harjumaal.","og_url":"https:\/\/movezen.ee\/ru\/kolimisteenused\/","og_site_name":"Movezen","article_publisher":"https:\/\/www.facebook.com\/movezenEE","article_modified_time":"2023-12-15T13:25:58+00:00","og_image":[{"width":250,"height":250,"url":"https:\/\/movezen.ee\/wp-content\/uploads\/2023\/09\/Movezen-18.png","type":"image\/png"}],"twitter_card":"summary_large_image","twitter_misc":{"\u041f\u0440\u0438\u043c\u0435\u0440\u043d\u043e\u0435 \u0432\u0440\u0435\u043c\u044f \u0434\u043b\u044f \u0447\u0442\u0435\u043d\u0438\u044f":"1 \u043c\u0438\u043d\u0443\u0442\u0430"},"schema":{"@context":"https:\/\/schema.org","@graph":[{"@type":"WebPage","@id":"https:\/\/movezen.ee\/kolimisteenused\/","url":"https:\/\/movezen.ee\/kolimisteenused\/","name":"Kolimisteenused - Movezen","isPartOf":{"@id":"https:\/\/movezen.ee\/#website"},"datePublished":"2023-12-13T21:30:27+00:00","dateModified":"2023-12-15T13:25:58+00:00","description":"Movezen kolimisteenused \u2013 Professionaalne ja usaldusv\u00e4\u00e4rne abi vara kolimisel Eestis. Kolige muretult koos meiega \u2013 Tallinnas, Harjumaal.","breadcrumb":{"@id":"https:\/\/movezen.ee\/kolimisteenused\/#breadcrumb"},"inLanguage":"ru-RU","potentialAction":[{"@type":"ReadAction","target":["https:\/\/movezen.ee\/kolimisteenused\/"]}]},{"@type":"BreadcrumbList","@id":"https:\/\/movezen.ee\/kolimisteenused\/#breadcrumb","itemListElement":[{"@type":"ListItem","position":1,"name":"Esileht","item":"https:\/\/movezen.ee\/"},{"@type":"ListItem","position":2,"name":"Kolimisteenused"}]},{"@type":"WebSite","@id":"https:\/\/movezen.ee\/#website","url":"https:\/\/movezen.ee\/","name":"Movezen kolimisteenused","description":"Parim transporditeenused Tallinnas","publisher":{"@id":"https:\/\/movezen.ee\/#organization"},"alternateName":"Movezen","potentialAction":[{"@type":"SearchAction","target":{"@type":"EntryPoint","urlTemplate":"https:\/\/movezen.ee\/?s={search_term_string}"},"query-input":{"@type":"PropertyValueSpecification","valueRequired":true,"valueName":"search_term_string"}}],"inLanguage":"ru-RU"},{"@type":"Organization","@id":"https:\/\/movezen.ee\/#organization","name":"Movezen","alternateName":"Movezen","url":"https:\/\/movezen.ee\/","logo":{"@type":"ImageObject","inLanguage":"ru-RU","@id":"https:\/\/movezen.ee\/#\/schema\/logo\/image\/","url":"https:\/\/movezen.ee\/wp-content\/uploads\/2023\/09\/Movezen-18.png","contentUrl":"https:\/\/movezen.ee\/wp-content\/uploads\/2023\/09\/Movezen-18.png","width":250,"height":250,"caption":"Movezen"},"image":{"@id":"https:\/\/movezen.ee\/#\/schema\/logo\/image\/"},"sameAs":["https:\/\/www.facebook.com\/movezenEE"]}]}},"_links":{"self":[{"href":"https:\/\/movezen.ee\/ru\/wp-json\/wp\/v2\/pages\/3756","targetHints":{"allow":["GET"]}}],"collection":[{"href":"https:\/\/movezen.ee\/ru\/wp-json\/wp\/v2\/pages"}],"about":[{"href":"https:\/\/movezen.ee\/ru\/wp-json\/wp\/v2\/types\/page"}],"author":[{"embeddable":true,"href":"https:\/\/movezen.ee\/ru\/wp-json\/wp\/v2\/users\/1"}],"replies":[{"embeddable":true,"href":"https:\/\/movezen.ee\/ru\/wp-json\/wp\/v2\/comments?post=3756"}],"version-history":[{"count":10,"href":"https:\/\/movezen.ee\/ru\/wp-json\/wp\/v2\/pages\/3756\/revisions"}],"predecessor-version":[{"id":3795,"href":"https:\/\/movezen.ee\/ru\/wp-json\/wp\/v2\/pages\/3756\/revisions\/3795"}],"wp:attachment":[{"href":"https:\/\/movezen.ee\/ru\/wp-json\/wp\/v2\/media?parent=3756"}],"curies":[{"name":"wp","href":"https:\/\/api.w.org\/{rel}","templated":true}]}}