{"id":3515,"date":"2023-12-10T15:05:13","date_gmt":"2023-12-10T13:05:13","guid":{"rendered":"https:\/\/movezen.ee\/?page_id=3515"},"modified":"2023-12-15T16:02:06","modified_gmt":"2023-12-15T14:02:06","slug":"kkk","status":"publish","type":"page","link":"https:\/\/movezen.ee\/ru\/kkk\/","title":{"rendered":"\u0427\u0430\u0441\u0442\u043e \u0437\u0430\u0434\u0430\u0432\u0430\u0435\u043c\u044b\u0435 \u0432\u043e\u043f\u0440\u043e\u0441\u044b"},"content":{"rendered":"\t\t<div data-elementor-type=\"wp-page\" data-elementor-id=\"3515\" class=\"elementor elementor-3515\">\n\t\t\t\t\t\t<section class=\"elementor-section elementor-top-section elementor-element elementor-element-e6b69c9 elementor-section-full_width elementor-section-height-default elementor-section-height-default\" data-id=\"e6b69c9\" data-element_type=\"section\" data-e-type=\"section\">\n\t\t\t\t\t\t<div class=\"elementor-container elementor-column-gap-default\">\n\t\t\t\t\t<div class=\"elementor-column elementor-col-100 elementor-top-column elementor-element elementor-element-0c37c6e\" data-id=\"0c37c6e\" data-element_type=\"column\" data-e-type=\"column\">\n\t\t\t<div class=\"elementor-widget-wrap elementor-element-populated\">\n\t\t\t\t\t\t<div class=\"elementor-element elementor-element-4753bf5 elementor-widget__width-initial elementor-widget elementor-widget-fastrans_our_faqs\" data-id=\"4753bf5\" data-element_type=\"widget\" data-e-type=\"widget\" data-widget_type=\"fastrans_our_faqs.default\">\n\t\t\t\t<div class=\"elementor-widget-container\">\n\t\t\t\t\t\t\t\t\t\t\t\t\t\t\t\t\t\t\t\t\t\t\t\t\t\t\t\t\t\t\t\t\t\t\t\t\t\t\t\t\t\t\t\t\t\t\t\t\t\t\t\t\t\t\t\t\t\t\t\t\t\t\t\t\t\t\t\t\t\t\t\t\t\t\t\t\t\t\t\t\n            \n            <!-- Start of faq  section\n            ============================================= -->\n            <section id=\"ft-faq-page\" class=\"ft-faq-page-section page-padding\">\n                <div class=\"container\">\n                    <div class=\"ft-faq-page-top-content d-flex justify-content-between align-items-end flex-wrap\">\n                                                <div class=\"ft-section-title-2 headline pera-content\">\n                            <h2>Mida pidada silmas kolimisteenuse tellimisel?<\/h2>\n                        <\/div>\n                                                                    <\/div>\n                    <div class=\"ft-faq-content\">\n                        <div class=\"row\">\n                            <div class=\"col-lg-6\">\n                                <div class=\"accordion\" id=\"accordionExample\">\n                                    \t\t\t\t\t\t\t\t\t\t<div class=\"accordion-item headline pera-content\">\n\t\t\t\t\t\t\t\t\t\t\t\t<h2 class=\"accordion-header\" id=\"headingOne1\">\n\t\t\t\t\t\t\t\t\t\t\t\t\t<button class=\"accordion-button \" type=\"button\" data-bs-toggle=\"collapse\" data-bs-target=\"#collapseOne1\" aria-expanded=\"true\">\n\t\t\t\t\t\t\t\t\t\t\t\t\t\tKuidas kujuneb kolimisteenuse hind?\n\t\t\t\t\t\t\t\t\t\t\t\t\t<\/button>\n\t\t\t\t\t\t\t\t\t\t\t\t<\/h2>\n\t\t\t\t\t\t\t\t\t\t\t\t<div id=\"collapseOne1\" class=\"accordion-collapse collapse show\" data-bs-parent=\"#accordionExample\">\n\t\t\t\t\t\t\t\t\t\t\t\t\t<div class=\"accordion-body\">\n\t\t\t\t\t\t\t\t\t\t\t\t\t\tTelefoni, maili v\u00f5i p\u00e4ringu kaudu on oluline saada v\u00f5imalikult t\u00e4pne info. Seej\u00e4rel hindame info p\u00f5hjal kolimismahu ja ajakulu, vastava s\u00f5iduki vajaduse ja t\u00f6\u00f6j\u00f5u hulga. \n\t\t\t\t\t\t\t\t\t\t\t\t\t<\/div>\n\t\t\t\t\t\t\t\t\t\t\t\t<\/div>\n\t\t\t\t\t\t\t\t\t\t\t<\/div>                                    \t\t\t\t\t\t\t\t\t\t<div class=\"accordion-item headline pera-content\">\n\t\t\t\t\t\t\t\t\t\t\t\t<h2 class=\"accordion-header\" id=\"headingOne3\">\n\t\t\t\t\t\t\t\t\t\t\t\t\t<button class=\"accordion-button collapsed\" type=\"button\" data-bs-toggle=\"collapse\" data-bs-target=\"#collapseOne3\" aria-expanded=\"true\">\n\t\t\t\t\t\t\t\t\t\t\t\t\t\tMilline on kolimise protsess?\n\t\t\t\t\t\t\t\t\t\t\t\t\t<\/button>\n\t\t\t\t\t\t\t\t\t\t\t\t<\/h2>\n\t\t\t\t\t\t\t\t\t\t\t\t<div id=\"collapseOne3\" class=\"accordion-collapse collapse \" data-bs-parent=\"#accordionExample\">\n\t\t\t\t\t\t\t\t\t\t\t\t\t<div class=\"accordion-body\">\n\t\t\t\t\t\t\t\t\t\t\t\t\t\tTeie v\u00f5tate \u00fchendust sooviga kolida v\u00f5i tellida transporditeenust. Vastame p\u00e4ringule ja sobivuse korral lepime kokku kolimise aja. Tuleme kokkulepitud ajal kokkulepitud kohta. Hindame kohapeal olukorda ja teostame edukalt Teie soovidest l\u00e4htuvalt kolimisprotsessi. \n\t\t\t\t\t\t\t\t\t\t\t\t\t<\/div>\n\t\t\t\t\t\t\t\t\t\t\t\t<\/div>\n\t\t\t\t\t\t\t\t\t\t\t<\/div>                                    \t\t\t\t\t\t\t\t\t\t<div class=\"accordion-item headline pera-content\">\n\t\t\t\t\t\t\t\t\t\t\t\t<h2 class=\"accordion-header\" id=\"headingOne5\">\n\t\t\t\t\t\t\t\t\t\t\t\t\t<button class=\"accordion-button collapsed\" type=\"button\" data-bs-toggle=\"collapse\" data-bs-target=\"#collapseOne5\" aria-expanded=\"true\">\n\t\t\t\t\t\t\t\t\t\t\t\t\t\tMilliseid pakkematerjale kasutada?\n\t\t\t\t\t\t\t\t\t\t\t\t\t<\/button>\n\t\t\t\t\t\t\t\t\t\t\t\t<\/h2>\n\t\t\t\t\t\t\t\t\t\t\t\t<div id=\"collapseOne5\" class=\"accordion-collapse collapse \" data-bs-parent=\"#accordionExample\">\n\t\t\t\t\t\t\t\t\t\t\t\t\t<div class=\"accordion-body\">\n\t\t\t\t\t\t\t\t\t\t\t\t\t\tPakkekastid peavad kindlasti olema tugevast viiekihilisest kartongist. J\u00e4lgi, et tegemist ei ole taast\u00f6\u00f6deldud kartongiga. Viiekihiline kartong on lausa kohustuslik, kui tegemist on ekspordiga. Kastidel peavad olema k\u00e4eaugud kauba mugavamaks kolimiseks. \n\t\t\t\t\t\t\t\t\t\t\t\t\t<\/div>\n\t\t\t\t\t\t\t\t\t\t\t\t<\/div>\n\t\t\t\t\t\t\t\t\t\t\t<\/div>                                    \t\t\t\t\t\t\t\t\t\t<div class=\"accordion-item headline pera-content\">\n\t\t\t\t\t\t\t\t\t\t\t\t<h2 class=\"accordion-header\" id=\"headingOne7\">\n\t\t\t\t\t\t\t\t\t\t\t\t\t<button class=\"accordion-button collapsed\" type=\"button\" data-bs-toggle=\"collapse\" data-bs-target=\"#collapseOne7\" aria-expanded=\"true\">\n\t\t\t\t\t\t\t\t\t\t\t\t\t\tKuidas valida pakendile \u00f5ige materjal?\n\t\t\t\t\t\t\t\t\t\t\t\t\t<\/button>\n\t\t\t\t\t\t\t\t\t\t\t\t<\/h2>\n\t\t\t\t\t\t\t\t\t\t\t\t<div id=\"collapseOne7\" class=\"accordion-collapse collapse \" data-bs-parent=\"#accordionExample\">\n\t\t\t\t\t\t\t\t\t\t\t\t\t<div class=\"accordion-body\">\n\t\t\t\t\t\t\t\t\t\t\t\t\t\tOtsusta, millised asjad (ja kas \u00fcldse) plaanid ise pakkida. Kasuta kolimisel \u00f5ige suuruse ja tugevusega kaste. T\u00fchjades ja n\u00f5rkades kastides kipuvad asjad purunema. Ka liiga tihedalt pakitud asjad v\u00f5ivad kolides puruneda. K\u00fcsi pakkematerjalide ja pakkimisviiside kohta infot kolimisfirmalt. Rippriiete kolimiseks k\u00fcsi kolimisfirmalt kindlasti rippriidekaste. \n\t\t\t\t\t\t\t\t\t\t\t\t\t<\/div>\n\t\t\t\t\t\t\t\t\t\t\t\t<\/div>\n\t\t\t\t\t\t\t\t\t\t\t<\/div>                                                                    <\/div>\n                            <\/div>\n                            <div class=\"col-lg-6\">\n                                <div class=\"accordion\" id=\"accordionExampl2\">\n                                    \t\t\t\t\t\t\t\t\t\t<div class=\"accordion-item headline pera-content\">\n\t\t\t\t\t\t\t\t\t\t\t\t<h2 class=\"accordion-header\" id=\"#collapseOne22\">\n\t\t\t\t\t\t\t\t\t\t\t\t\t<button class=\"accordion-button collapsed\" type=\"button\" data-bs-toggle=\"collapse\" data-bs-target=\"#collapseOne22\" aria-expanded=\"true\">\n\t\t\t\t\t\t\t\t\t\t\t\t\t\tKaua kolimine aega v\u00f5tab?\n\t\t\t\t\t\t\t\t\t\t\t\t\t<\/button>\n\t\t\t\t\t\t\t\t\t\t\t\t<\/h2>\n\t\t\t\t\t\t\t\t\t\t\t\t<div id=\"collapseOne22\" class=\"accordion-collapse collapse \" data-bs-parent=\"#accordionExampl2\">\n\t\t\t\t\t\t\t\t\t\t\t\t\t<div class=\"accordion-body\">\n\t\t\t\t\t\t\t\t\t\t\t\t\t\tMida rohkem infot seda parem on planeerida ja t\u00f6\u00f6d teostada. Selle v\u00f5rra v\u00e4heneb ka ajakulu. Hind s\u00f5ltub kolitavate asjade hulgast, pakkimise vajadusest, sihtpunktide vahemaast, korrustest,\u00a0 kolijate arvust, t\u00f6\u00f6 teostamise kiirusest. \n\t\t\t\t\t\t\t\t\t\t\t\t\t<\/div>\n\t\t\t\t\t\t\t\t\t\t\t\t<\/div>\n\t\t\t\t\t\t\t\t\t\t\t<\/div>                                    \t\t\t\t\t\t\t\t\t\t<div class=\"accordion-item headline pera-content\">\n\t\t\t\t\t\t\t\t\t\t\t\t<h2 class=\"accordion-header\" id=\"#collapseOne24\">\n\t\t\t\t\t\t\t\t\t\t\t\t\t<button class=\"accordion-button collapsed\" type=\"button\" data-bs-toggle=\"collapse\" data-bs-target=\"#collapseOne24\" aria-expanded=\"true\">\n\t\t\t\t\t\t\t\t\t\t\t\t\t\tMis siis kui kolimisel l\u00e4heb midagi katki?\n\t\t\t\t\t\t\t\t\t\t\t\t\t<\/button>\n\t\t\t\t\t\t\t\t\t\t\t\t<\/h2>\n\t\t\t\t\t\t\t\t\t\t\t\t<div id=\"collapseOne24\" class=\"accordion-collapse collapse \" data-bs-parent=\"#accordionExampl2\">\n\t\t\t\t\t\t\t\t\t\t\t\t\t<div class=\"accordion-body\">\n\t\t\t\t\t\t\t\t\t\t\t\t\t\tOluline on enne kolimisprotsessi alustamist \u00fcle vaadata kolitavad esemed ja veenduda nende korras olekus. Defekti avastamisel need fikseerida. Kui kolimisfirma kahjustab kolimise k\u00e4igus kliendi vara tuleb leida lahendus vastavalt kas kompenseerida v\u00f5i ese korrastada. \n\t\t\t\t\t\t\t\t\t\t\t\t\t<\/div>\n\t\t\t\t\t\t\t\t\t\t\t\t<\/div>\n\t\t\t\t\t\t\t\t\t\t\t<\/div>                                    \t\t\t\t\t\t\t\t\t\t<div class=\"accordion-item headline pera-content\">\n\t\t\t\t\t\t\t\t\t\t\t\t<h2 class=\"accordion-header\" id=\"#collapseOne26\">\n\t\t\t\t\t\t\t\t\t\t\t\t\t<button class=\"accordion-button collapsed\" type=\"button\" data-bs-toggle=\"collapse\" data-bs-target=\"#collapseOne26\" aria-expanded=\"true\">\n\t\t\t\t\t\t\t\t\t\t\t\t\t\tKolitavate esemete piirangud\n\t\t\t\t\t\t\t\t\t\t\t\t\t<\/button>\n\t\t\t\t\t\t\t\t\t\t\t\t<\/h2>\n\t\t\t\t\t\t\t\t\t\t\t\t<div id=\"collapseOne26\" class=\"accordion-collapse collapse \" data-bs-parent=\"#accordionExampl2\">\n\t\t\t\t\t\t\t\t\t\t\t\t\t<div class=\"accordion-body\">\n\t\t\t\t\t\t\t\t\t\t\t\t\t\tEuroopa Liidus puuduvad erilised piirangud kolitavatele esemetele (ka alkohol on lubatud). V\u00e4ljapoole Euroopa Liitu kolimisel on erinevates riikides erinevad piirangud. Enne kolimist on m\u00f5istlik k\u00fcsida kolimisettev\u00f5tte kaudu k\u00f5ikide piirangute kohta, mis kehtivad riigis, kuhu kolid. \n\t\t\t\t\t\t\t\t\t\t\t\t\t<\/div>\n\t\t\t\t\t\t\t\t\t\t\t\t<\/div>\n\t\t\t\t\t\t\t\t\t\t\t<\/div>                                    \t\t\t\t\t\t\t\t\t\t<div class=\"accordion-item headline pera-content\">\n\t\t\t\t\t\t\t\t\t\t\t\t<h2 class=\"accordion-header\" id=\"#collapseOne28\">\n\t\t\t\t\t\t\t\t\t\t\t\t\t<button class=\"accordion-button collapsed\" type=\"button\" data-bs-toggle=\"collapse\" data-bs-target=\"#collapseOne28\" aria-expanded=\"true\">\n\t\t\t\t\t\t\t\t\t\t\t\t\t\tKuidas enda asju m\u00e4rgistada?\n\t\t\t\t\t\t\t\t\t\t\t\t\t<\/button>\n\t\t\t\t\t\t\t\t\t\t\t\t<\/h2>\n\t\t\t\t\t\t\t\t\t\t\t\t<div id=\"collapseOne28\" class=\"accordion-collapse collapse \" data-bs-parent=\"#accordionExampl2\">\n\t\t\t\t\t\t\t\t\t\t\t\t\t<div class=\"accordion-body\">\n\t\t\t\t\t\t\t\t\t\t\t\t\t\tSildile kirjuta informatsioon kasti sisu kohta. Silt kleebi kasti k\u00fcljele ja kasti peale. Markeeringu alusel viib kolimisfirma kolitavad esemed vastavalt plaanile soovitud ruumidesse. See v\u00f5imaldab kiiremat kolimist ja teeb lahtipakkimise lihtsamaks. \n\t\t\t\t\t\t\t\t\t\t\t\t\t<\/div>\n\t\t\t\t\t\t\t\t\t\t\t\t<\/div>\n\t\t\t\t\t\t\t\t\t\t\t<\/div>                                                                    <\/div>\n                            <\/div>\n                        <\/div>\n                    <\/div>\n                                        <div class=\"ft-faq-contact-form-wrapper\">\n                        <div class=\"row\">\n                            <div class=\"col-lg-6\">\n                                <div class=\"ft-faq-contact-form-area\">\n                                                                        <div class=\"ft-section-title-2 headline pera-content\">\n                                        <span class=\"sub-title\">KAS TEIL ON VEEL K\u00dcSIMUSI?<\/span>                    \t\t\t\t\t<h2>V\u00f5tke meiega \u00fchendust!<\/h2>                                    <\/div>\n                                                                        \n                                    \n<div class=\"wpcf7 no-js\" id=\"wpcf7-f757-o1\" lang=\"en-US\" dir=\"ltr\" data-wpcf7-id=\"757\">\n<div class=\"screen-reader-response\"><p role=\"status\" aria-live=\"polite\" aria-atomic=\"true\"><\/p> <ul><\/ul><\/div>\n<form action=\"\/ru\/wp-json\/wp\/v2\/pages\/3515#wpcf7-f757-o1\" method=\"post\" class=\"wpcf7-form init\" aria-label=\"Contact form\" novalidate=\"novalidate\" data-status=\"init\">\n<fieldset class=\"hidden-fields-container\"><input type=\"hidden\" name=\"_wpcf7\" value=\"757\" \/><input type=\"hidden\" name=\"_wpcf7_version\" value=\"6.1.5\" \/><input type=\"hidden\" name=\"_wpcf7_locale\" value=\"en_US\" \/><input type=\"hidden\" name=\"_wpcf7_unit_tag\" value=\"wpcf7-f757-o1\" \/><input type=\"hidden\" name=\"_wpcf7_container_post\" value=\"0\" \/><input type=\"hidden\" name=\"_wpcf7_posted_data_hash\" value=\"\" \/><input type=\"hidden\" name=\"_wpcf7_recaptcha_response\" value=\"\" \/>\n<\/fieldset>\n<div class=\"row\">\n\t<div class=\"col-md-6\">\n\t\t<p><span class=\"wpcf7-form-control-wrap\" data-name=\"text-476\"><input size=\"40\" maxlength=\"400\" class=\"wpcf7-form-control wpcf7-text wpcf7-validates-as-required\" aria-required=\"true\" aria-invalid=\"false\" placeholder=\"Nimi *\" value=\"\" type=\"text\" name=\"text-476\" \/><\/span>\n\t\t<\/p>\n\t<\/div>\n\t<div class=\"col-md-6\">\n\t\t<p><span class=\"wpcf7-form-control-wrap\" data-name=\"email-781\"><input size=\"40\" maxlength=\"400\" class=\"wpcf7-form-control wpcf7-email wpcf7-validates-as-required wpcf7-text wpcf7-validates-as-email\" aria-required=\"true\" aria-invalid=\"false\" placeholder=\"E-post\" value=\"\" type=\"email\" name=\"email-781\" \/><\/span>\n\t\t<\/p>\n\t<\/div>\n\t<div class=\"col-md-12\">\n\t\t<p><span class=\"wpcf7-form-control-wrap\" data-name=\"text-477\"><input size=\"40\" maxlength=\"400\" class=\"wpcf7-form-control wpcf7-text\" aria-invalid=\"false\" placeholder=\"Firma nimi\" value=\"\" type=\"text\" name=\"text-477\" \/><\/span>\n\t\t<\/p>\n\t<\/div>\n\t<div class=\"col-md-12\">\n\t\t<p><span class=\"wpcf7-form-control-wrap\" data-name=\"textarea-377\"><textarea cols=\"40\" rows=\"10\" maxlength=\"2000\" class=\"wpcf7-form-control wpcf7-textarea\" aria-invalid=\"false\" placeholder=\"Teie s\u00f5num\" name=\"textarea-377\"><\/textarea><\/span>\n\t\t<\/p>\n\t<\/div>\n\t<div class=\"col-md-12\">\n\t\t<p><button class=\"ft-submit-btn\">Saada <i class=\"flaticon-right-arrow\"><\/i><\/button>\n\t\t<\/p>\n\t<\/div>\n<\/div><p style=\"display: none !important;\" class=\"akismet-fields-container\" data-prefix=\"_wpcf7_ak_\"><label>&#916;<textarea name=\"_wpcf7_ak_hp_textarea\" cols=\"45\" rows=\"8\" maxlength=\"100\"><\/textarea><\/label><input type=\"hidden\" id=\"ak_js_1\" name=\"_wpcf7_ak_js\" value=\"95\"\/><script type=\"text\/javascript\">\n\/* <![CDATA[ *\/\ndocument.getElementById( \"ak_js_1\" ).setAttribute( \"value\", ( new Date() ).getTime() );\n\/* ]]> *\/\n<\/script>\n<\/p><div class=\"wpcf7-response-output\" aria-hidden=\"true\"><\/div>\n<\/form>\n<\/div>\n                                <\/div>\n                            <\/div>\n                                                        <div class=\"col-lg-6\">\n                                <div class=\"ft-faq-form-img\">\n                                    <img decoding=\"async\" src=\"https:\/\/movezen.ee\/wp-content\/uploads\/2021\/10\/fq.jpg\" alt=\"Awesome Image\">\n                                <\/div>\n                            <\/div>\n                                                    <\/div>\n                    <\/div>\n                                    <\/div>\n            <\/section>\t\n        \t<!-- End of faq section\n            ============================================= -->\n                        \n        \t\t\t\t<\/div>\n\t\t\t\t<\/div>\n\t\t\t\t\t<\/div>\n\t\t<\/div>\n\t\t\t\t\t<\/div>\n\t\t<\/section>\n\t\t\t\t<\/div>\n\t\t","protected":false},"excerpt":{"rendered":"<p>Mida pidada silmas kolimisteenuse tellimisel? Kuidas kujuneb kolimisteenuse hind? Telefoni, maili v\u00f5i p\u00e4ringu kaudu on oluline saada v\u00f5imalikult t\u00e4pne info. Seej\u00e4rel hindame info p\u00f5hjal kolimismahu ja ajakulu, vastava s\u00f5iduki vajaduse ja t\u00f6\u00f6j\u00f5u hulga. Milline on kolimise protsess? Teie v\u00f5tate \u00fchendust sooviga kolida v\u00f5i tellida transporditeenust. Vastame p\u00e4ringule ja sobivuse korral lepime kokku kolimise aja. Tuleme [&hellip;]<\/p>\n","protected":false},"author":1,"featured_media":0,"parent":0,"menu_order":0,"comment_status":"closed","ping_status":"closed","template":"tpl-default-elementor.php","meta":{"footnotes":""},"class_list":["post-3515","page","type-page","status-publish","hentry"],"yoast_head":"<!-- This site is optimized with the Yoast SEO plugin v27.4 - https:\/\/yoast.com\/product\/yoast-seo-wordpress\/ -->\n<title>Korduma kippuvad k\u00fcsimused - Movezen<\/title>\n<meta name=\"description\" content=\"Movezen FAQ leht - Leidke vastused oma k\u00fcsimustele kolimise kohta. Meie sagedaste k\u00fcsimuste lehel pakume selgitusi kolimisteenuste, hindade, protsessi ja palju muu kohta.\" \/>\n<meta name=\"robots\" content=\"index, follow, max-snippet:-1, max-image-preview:large, max-video-preview:-1\" \/>\n<link rel=\"canonical\" href=\"https:\/\/movezen.ee\/ru\/kkk\/\" \/>\n<meta property=\"og:locale\" content=\"ru_RU\" \/>\n<meta property=\"og:type\" content=\"article\" \/>\n<meta property=\"og:title\" content=\"Korduma kippuvad k\u00fcsimused - Movezen\" \/>\n<meta property=\"og:description\" content=\"Movezen FAQ leht - Leidke vastused oma k\u00fcsimustele kolimise kohta. Meie sagedaste k\u00fcsimuste lehel pakume selgitusi kolimisteenuste, hindade, protsessi ja palju muu kohta.\" \/>\n<meta property=\"og:url\" content=\"https:\/\/movezen.ee\/ru\/kkk\/\" \/>\n<meta property=\"og:site_name\" content=\"Movezen\" \/>\n<meta property=\"article:publisher\" content=\"https:\/\/www.facebook.com\/movezenEE\" \/>\n<meta property=\"article:modified_time\" content=\"2023-12-15T14:02:06+00:00\" \/>\n<meta property=\"og:image\" content=\"https:\/\/movezen.ee\/wp-content\/uploads\/2021\/10\/fq.jpg\" \/>\n<meta name=\"twitter:card\" content=\"summary_large_image\" \/>\n<meta name=\"twitter:label1\" content=\"\u041f\u0440\u0438\u043c\u0435\u0440\u043d\u043e\u0435 \u0432\u0440\u0435\u043c\u044f \u0434\u043b\u044f \u0447\u0442\u0435\u043d\u0438\u044f\" \/>\n\t<meta name=\"twitter:data1\" content=\"2 \u043c\u0438\u043d\u0443\u0442\u044b\" \/>\n<script type=\"application\/ld+json\" class=\"yoast-schema-graph\">{\"@context\":\"https:\\\/\\\/schema.org\",\"@graph\":[{\"@type\":[\"WebPage\",\"FAQPage\"],\"@id\":\"https:\\\/\\\/movezen.ee\\\/kkk\\\/\",\"url\":\"https:\\\/\\\/movezen.ee\\\/kkk\\\/\",\"name\":\"Korduma kippuvad k\u00fcsimused - Movezen\",\"isPartOf\":{\"@id\":\"https:\\\/\\\/movezen.ee\\\/#website\"},\"primaryImageOfPage\":{\"@id\":\"https:\\\/\\\/movezen.ee\\\/kkk\\\/#primaryimage\"},\"image\":{\"@id\":\"https:\\\/\\\/movezen.ee\\\/kkk\\\/#primaryimage\"},\"thumbnailUrl\":\"https:\\\/\\\/movezen.ee\\\/wp-content\\\/uploads\\\/2021\\\/10\\\/fq.jpg\",\"datePublished\":\"2023-12-10T13:05:13+00:00\",\"dateModified\":\"2023-12-15T14:02:06+00:00\",\"description\":\"Movezen FAQ leht - Leidke vastused oma k\u00fcsimustele kolimise kohta. Meie sagedaste k\u00fcsimuste lehel pakume selgitusi kolimisteenuste, hindade, protsessi ja palju muu kohta.\",\"breadcrumb\":{\"@id\":\"https:\\\/\\\/movezen.ee\\\/kkk\\\/#breadcrumb\"},\"inLanguage\":\"ru-RU\",\"potentialAction\":[{\"@type\":\"ReadAction\",\"target\":[\"https:\\\/\\\/movezen.ee\\\/kkk\\\/\"]}]},{\"@type\":\"ImageObject\",\"inLanguage\":\"ru-RU\",\"@id\":\"https:\\\/\\\/movezen.ee\\\/kkk\\\/#primaryimage\",\"url\":\"https:\\\/\\\/movezen.ee\\\/wp-content\\\/uploads\\\/2021\\\/10\\\/fq.jpg\",\"contentUrl\":\"https:\\\/\\\/movezen.ee\\\/wp-content\\\/uploads\\\/2021\\\/10\\\/fq.jpg\"},{\"@type\":\"BreadcrumbList\",\"@id\":\"https:\\\/\\\/movezen.ee\\\/kkk\\\/#breadcrumb\",\"itemListElement\":[{\"@type\":\"ListItem\",\"position\":1,\"name\":\"Esileht\",\"item\":\"https:\\\/\\\/movezen.ee\\\/\"},{\"@type\":\"ListItem\",\"position\":2,\"name\":\"Korduma kippuvad k\u00fcsimused\"}]},{\"@type\":\"WebSite\",\"@id\":\"https:\\\/\\\/movezen.ee\\\/#website\",\"url\":\"https:\\\/\\\/movezen.ee\\\/\",\"name\":\"Movezen kolimisteenused\",\"description\":\"Parim transporditeenused Tallinnas\",\"publisher\":{\"@id\":\"https:\\\/\\\/movezen.ee\\\/#organization\"},\"alternateName\":\"Movezen\",\"potentialAction\":[{\"@type\":\"SearchAction\",\"target\":{\"@type\":\"EntryPoint\",\"urlTemplate\":\"https:\\\/\\\/movezen.ee\\\/?s={search_term_string}\"},\"query-input\":{\"@type\":\"PropertyValueSpecification\",\"valueRequired\":true,\"valueName\":\"search_term_string\"}}],\"inLanguage\":\"ru-RU\"},{\"@type\":\"Organization\",\"@id\":\"https:\\\/\\\/movezen.ee\\\/#organization\",\"name\":\"Movezen\",\"alternateName\":\"Movezen\",\"url\":\"https:\\\/\\\/movezen.ee\\\/\",\"logo\":{\"@type\":\"ImageObject\",\"inLanguage\":\"ru-RU\",\"@id\":\"https:\\\/\\\/movezen.ee\\\/#\\\/schema\\\/logo\\\/image\\\/\",\"url\":\"https:\\\/\\\/movezen.ee\\\/wp-content\\\/uploads\\\/2023\\\/09\\\/Movezen-18.png\",\"contentUrl\":\"https:\\\/\\\/movezen.ee\\\/wp-content\\\/uploads\\\/2023\\\/09\\\/Movezen-18.png\",\"width\":250,\"height\":250,\"caption\":\"Movezen\"},\"image\":{\"@id\":\"https:\\\/\\\/movezen.ee\\\/#\\\/schema\\\/logo\\\/image\\\/\"},\"sameAs\":[\"https:\\\/\\\/www.facebook.com\\\/movezenEE\"]}]}<\/script>\n<!-- \/ Yoast SEO plugin. -->","yoast_head_json":{"title":"Korduma kippuvad k\u00fcsimused - Movezen","description":"Movezen FAQ leht - Leidke vastused oma k\u00fcsimustele kolimise kohta. Meie sagedaste k\u00fcsimuste lehel pakume selgitusi kolimisteenuste, hindade, protsessi ja palju muu kohta.","robots":{"index":"index","follow":"follow","max-snippet":"max-snippet:-1","max-image-preview":"max-image-preview:large","max-video-preview":"max-video-preview:-1"},"canonical":"https:\/\/movezen.ee\/ru\/kkk\/","og_locale":"ru_RU","og_type":"article","og_title":"Korduma kippuvad k\u00fcsimused - Movezen","og_description":"Movezen FAQ leht - Leidke vastused oma k\u00fcsimustele kolimise kohta. Meie sagedaste k\u00fcsimuste lehel pakume selgitusi kolimisteenuste, hindade, protsessi ja palju muu kohta.","og_url":"https:\/\/movezen.ee\/ru\/kkk\/","og_site_name":"Movezen","article_publisher":"https:\/\/www.facebook.com\/movezenEE","article_modified_time":"2023-12-15T14:02:06+00:00","og_image":[{"url":"https:\/\/movezen.ee\/wp-content\/uploads\/2021\/10\/fq.jpg","type":"","width":"","height":""}],"twitter_card":"summary_large_image","twitter_misc":{"\u041f\u0440\u0438\u043c\u0435\u0440\u043d\u043e\u0435 \u0432\u0440\u0435\u043c\u044f \u0434\u043b\u044f \u0447\u0442\u0435\u043d\u0438\u044f":"2 \u043c\u0438\u043d\u0443\u0442\u044b"},"schema":{"@context":"https:\/\/schema.org","@graph":[{"@type":["WebPage","FAQPage"],"@id":"https:\/\/movezen.ee\/kkk\/","url":"https:\/\/movezen.ee\/kkk\/","name":"Korduma kippuvad k\u00fcsimused - Movezen","isPartOf":{"@id":"https:\/\/movezen.ee\/#website"},"primaryImageOfPage":{"@id":"https:\/\/movezen.ee\/kkk\/#primaryimage"},"image":{"@id":"https:\/\/movezen.ee\/kkk\/#primaryimage"},"thumbnailUrl":"https:\/\/movezen.ee\/wp-content\/uploads\/2021\/10\/fq.jpg","datePublished":"2023-12-10T13:05:13+00:00","dateModified":"2023-12-15T14:02:06+00:00","description":"Movezen FAQ leht - Leidke vastused oma k\u00fcsimustele kolimise kohta. Meie sagedaste k\u00fcsimuste lehel pakume selgitusi kolimisteenuste, hindade, protsessi ja palju muu kohta.","breadcrumb":{"@id":"https:\/\/movezen.ee\/kkk\/#breadcrumb"},"inLanguage":"ru-RU","potentialAction":[{"@type":"ReadAction","target":["https:\/\/movezen.ee\/kkk\/"]}]},{"@type":"ImageObject","inLanguage":"ru-RU","@id":"https:\/\/movezen.ee\/kkk\/#primaryimage","url":"https:\/\/movezen.ee\/wp-content\/uploads\/2021\/10\/fq.jpg","contentUrl":"https:\/\/movezen.ee\/wp-content\/uploads\/2021\/10\/fq.jpg"},{"@type":"BreadcrumbList","@id":"https:\/\/movezen.ee\/kkk\/#breadcrumb","itemListElement":[{"@type":"ListItem","position":1,"name":"Esileht","item":"https:\/\/movezen.ee\/"},{"@type":"ListItem","position":2,"name":"Korduma kippuvad k\u00fcsimused"}]},{"@type":"WebSite","@id":"https:\/\/movezen.ee\/#website","url":"https:\/\/movezen.ee\/","name":"Movezen kolimisteenused","description":"Parim transporditeenused Tallinnas","publisher":{"@id":"https:\/\/movezen.ee\/#organization"},"alternateName":"Movezen","potentialAction":[{"@type":"SearchAction","target":{"@type":"EntryPoint","urlTemplate":"https:\/\/movezen.ee\/?s={search_term_string}"},"query-input":{"@type":"PropertyValueSpecification","valueRequired":true,"valueName":"search_term_string"}}],"inLanguage":"ru-RU"},{"@type":"Organization","@id":"https:\/\/movezen.ee\/#organization","name":"Movezen","alternateName":"Movezen","url":"https:\/\/movezen.ee\/","logo":{"@type":"ImageObject","inLanguage":"ru-RU","@id":"https:\/\/movezen.ee\/#\/schema\/logo\/image\/","url":"https:\/\/movezen.ee\/wp-content\/uploads\/2023\/09\/Movezen-18.png","contentUrl":"https:\/\/movezen.ee\/wp-content\/uploads\/2023\/09\/Movezen-18.png","width":250,"height":250,"caption":"Movezen"},"image":{"@id":"https:\/\/movezen.ee\/#\/schema\/logo\/image\/"},"sameAs":["https:\/\/www.facebook.com\/movezenEE"]}]}},"_links":{"self":[{"href":"https:\/\/movezen.ee\/ru\/wp-json\/wp\/v2\/pages\/3515","targetHints":{"allow":["GET"]}}],"collection":[{"href":"https:\/\/movezen.ee\/ru\/wp-json\/wp\/v2\/pages"}],"about":[{"href":"https:\/\/movezen.ee\/ru\/wp-json\/wp\/v2\/types\/page"}],"author":[{"embeddable":true,"href":"https:\/\/movezen.ee\/ru\/wp-json\/wp\/v2\/users\/1"}],"replies":[{"embeddable":true,"href":"https:\/\/movezen.ee\/ru\/wp-json\/wp\/v2\/comments?post=3515"}],"version-history":[{"count":1,"href":"https:\/\/movezen.ee\/ru\/wp-json\/wp\/v2\/pages\/3515\/revisions"}],"predecessor-version":[{"id":3516,"href":"https:\/\/movezen.ee\/ru\/wp-json\/wp\/v2\/pages\/3515\/revisions\/3516"}],"wp:attachment":[{"href":"https:\/\/movezen.ee\/ru\/wp-json\/wp\/v2\/media?parent=3515"}],"curies":[{"name":"wp","href":"https:\/\/api.w.org\/{rel}","templated":true}]}}