{"id":1011,"date":"2021-10-08T06:06:28","date_gmt":"2021-10-08T06:06:28","guid":{"rendered":"https:\/\/themexriver.com\/wp\/fastrans\/?page_id=1011"},"modified":"2024-02-12T14:24:29","modified_gmt":"2024-02-12T12:24:29","slug":"kontaktid","status":"publish","type":"page","link":"https:\/\/movezen.ee\/ru\/kontaktid\/","title":{"rendered":"\u041a\u043e\u043d\u0442\u0430\u043a\u0442\u044b"},"content":{"rendered":"\t\t<div data-elementor-type=\"wp-page\" data-elementor-id=\"1011\" class=\"elementor elementor-1011\">\n\t\t\t\t\t\t<section class=\"elementor-section elementor-top-section elementor-element elementor-element-f31af09 elementor-section-full_width elementor-section-height-default elementor-section-height-default\" data-id=\"f31af09\" data-element_type=\"section\" data-e-type=\"section\">\n\t\t\t\t\t\t<div class=\"elementor-container elementor-column-gap-default\">\n\t\t\t\t\t<div class=\"elementor-column elementor-col-100 elementor-top-column elementor-element elementor-element-61d0157\" data-id=\"61d0157\" data-element_type=\"column\" data-e-type=\"column\">\n\t\t\t<div class=\"elementor-widget-wrap elementor-element-populated\">\n\t\t\t\t\t\t<div class=\"elementor-element elementor-element-4e7a4bb elementor-widget elementor-widget-fastrans_contact_us\" data-id=\"4e7a4bb\" data-element_type=\"widget\" data-e-type=\"widget\" data-widget_type=\"fastrans_contact_us.default\">\n\t\t\t\t<div class=\"elementor-widget-container\">\n\t\t\t\t\t\t\n    <!-- Start of contact page section\n\t============================================= -->\n\t<section id=\"ft-contact-page\" class=\"ft-contact-page-section page-padding\">\n\t\t<div class=\"container\">\n\t\t\t<div class=\"ft-contact-page-content\">\n\t\t\t\t<div class=\"row\">\n\t\t\t\t\t<div class=\"col-lg-6\">\n\t\t\t\t\t\t<div class=\"ft-contact-page-text-wrapper\">\n\t\t\t\t\t\t\t                            <div class=\"ft-section-title-2 headline pera-content\">\n\t\t\t\t\t\t\t\t<span class=\"sub-title\">Kontaktid<\/span>\t\t\t\t\t\t\t\t<h2>TMT LOGISTIC O\u00dc<\/h2>\t\t\t\t\t\t\t<\/div>\n\t\t\t\t\t\t\t                            <div class=\"ft-contact-page-contact-info\">\n\t\t\t\t\t\t\t\t                                <div class=\"ft-contact-cta-items d-flex\">\n\t\t\t\t\t\t\t\t\t<div class=\"ft-contact-cta-icon d-flex align-items-center justify-content-center\">\n\t\t\t\t\t\t\t\t\t\t<i class=\"fal fa-map-marker-alt\"><\/i>\n\t\t\t\t\t\t\t\t\t<\/div>\n\t\t\t\t\t\t\t\t\t<div class=\"ft-contact-cta-text headline pera-content\">\n\t\t\t\t\t\t\t\t\t\t<h3>Aadress<\/h3>\n\t\t\t\t\t\t\t\t\t\t<p>Tallinn, Eesti<\/p>\t\t\t\t\t\t\t\t\t<\/div>\n\t\t\t\t\t\t\t\t<\/div>\n                                                                <div class=\"ft-contact-cta-items d-flex\">\n\t\t\t\t\t\t\t\t\t<div class=\"ft-contact-cta-icon d-flex align-items-center justify-content-center\">\n\t\t\t\t\t\t\t\t\t\t<i class=\"fal fa-phone-alt\"><\/i>\n\t\t\t\t\t\t\t\t\t<\/div>\n\t\t\t\t\t\t\t\t\t<div class=\"ft-contact-cta-text headline pera-content\">\n\t\t\t\t\t\t\t\t\t\t<h3>Telefon<\/h3>\n\t\t\t\t\t\t\t\t\t\t<p>+372 58555577<\/p>\t\t\t\t\t\t\t\t\t\t\t\t\t\t\t\t\t\t\t<\/div>\n\t\t\t\t\t\t\t\t<\/div>\n                                                                <div class=\"ft-contact-cta-items d-flex\">\n\t\t\t\t\t\t\t\t\t<div class=\"ft-contact-cta-icon d-flex align-items-center justify-content-center\">\n\t\t\t\t\t\t\t\t\t\t<i class=\"fal fa-mail-bulk\"><\/i>\n\t\t\t\t\t\t\t\t\t<\/div>\n\t\t\t\t\t\t\t\t\t<div class=\"ft-contact-cta-text headline pera-content\">\n\t\t\t\t\t\t\t\t\t\t<h3>E-post<\/h3>\n\t\t\t\t\t\t\t\t\t\t<p>info@movezen.ee<\/p>\t\t\t\t\t\t\t\t\t\t\t\t\t\t\t\t\t\t\t<\/div>\n\t\t\t\t\t\t\t\t<\/div>\n                                \t\t\t\t\t\t\t<\/div>\n\t\t\t\t\t\t<\/div>\n\t\t\t\t\t<\/div>\n\t\t\t\t\t<div class=\"col-lg-6\">\n\t\t\t\t\t\t<div class=\"ft-contact-page-form-wrapper headline\">\n\t\t\t\t\t\t\t<h3 class=\"text-center\">Kirjutage meile!<\/h3>                            \n<div class=\"wpcf7 no-js\" id=\"wpcf7-f1013-o1\" lang=\"en-US\" dir=\"ltr\" data-wpcf7-id=\"1013\">\n<div class=\"screen-reader-response\"><p role=\"status\" aria-live=\"polite\" aria-atomic=\"true\"><\/p> <ul><\/ul><\/div>\n<form action=\"\/ru\/wp-json\/wp\/v2\/pages\/1011#wpcf7-f1013-o1\" method=\"post\" class=\"wpcf7-form init\" aria-label=\"Contact form\" novalidate=\"novalidate\" data-status=\"init\">\n<fieldset class=\"hidden-fields-container\"><input type=\"hidden\" name=\"_wpcf7\" value=\"1013\" \/><input type=\"hidden\" name=\"_wpcf7_version\" value=\"6.1.5\" \/><input type=\"hidden\" name=\"_wpcf7_locale\" value=\"en_US\" \/><input type=\"hidden\" name=\"_wpcf7_unit_tag\" value=\"wpcf7-f1013-o1\" \/><input type=\"hidden\" name=\"_wpcf7_container_post\" value=\"0\" \/><input type=\"hidden\" name=\"_wpcf7_posted_data_hash\" value=\"\" \/><input type=\"hidden\" name=\"_wpcf7_recaptcha_response\" value=\"\" \/>\n<\/fieldset>\n<div class=\"row\">\n\t<div class=\"col-lg-6\">\n\t\t<p><span class=\"wpcf7-form-control-wrap\" data-name=\"text-475\"><input size=\"40\" maxlength=\"400\" class=\"wpcf7-form-control wpcf7-text wpcf7-validates-as-required\" aria-required=\"true\" aria-invalid=\"false\" placeholder=\"Nimi *\" value=\"\" type=\"text\" name=\"text-475\" \/><\/span>\n\t\t<\/p>\n\t<\/div>\n\t<div class=\"col-lg-6\">\n\t\t<p><span class=\"wpcf7-form-control-wrap\" data-name=\"email-621\"><input size=\"40\" maxlength=\"400\" class=\"wpcf7-form-control wpcf7-email wpcf7-validates-as-required wpcf7-text wpcf7-validates-as-email\" aria-required=\"true\" aria-invalid=\"false\" placeholder=\"E-post\" value=\"\" type=\"email\" name=\"email-621\" \/><\/span>\n\t\t<\/p>\n\t<\/div>\n\t<div class=\"col-lg-6\">\n\t\t<p><span class=\"wpcf7-form-control-wrap\" data-name=\"text-476\"><input size=\"40\" maxlength=\"400\" class=\"wpcf7-form-control wpcf7-text\" aria-invalid=\"false\" placeholder=\"Firma nimi\" value=\"\" type=\"text\" name=\"text-476\" \/><\/span>\n\t\t<\/p>\n\t<\/div>\n\t<div class=\"col-lg-6\">\n\t\t<p><span class=\"wpcf7-form-control-wrap\" data-name=\"text-477\"><input size=\"40\" maxlength=\"400\" class=\"wpcf7-form-control wpcf7-text\" aria-invalid=\"false\" placeholder=\"Telefon\" value=\"\" type=\"text\" name=\"text-477\" \/><\/span>\n\t\t<\/p>\n\t<\/div>\n\t<div class=\"col-lg-6\">\n\t\t<p><span class=\"wpcf7-form-control-wrap\" data-name=\"text-478\"><input size=\"40\" maxlength=\"400\" class=\"wpcf7-form-control wpcf7-text\" aria-invalid=\"false\" placeholder=\"Aadress\" value=\"\" type=\"text\" name=\"text-478\" \/><\/span>\n\t\t<\/p>\n\t<\/div>\n\t<div class=\"col-lg-6\">\n\t\t<p><span class=\"wpcf7-form-control-wrap\" data-name=\"text-479\"><input size=\"40\" maxlength=\"400\" class=\"wpcf7-form-control wpcf7-text\" aria-invalid=\"false\" placeholder=\"Korrus\" value=\"\" type=\"text\" name=\"text-479\" \/><\/span>\n\t\t<\/p>\n\t<\/div>\n\t<div class=\"col-lg-12\">\n\t\t<p><span class=\"wpcf7-form-control-wrap\" data-name=\"textarea-527\"><textarea cols=\"40\" rows=\"10\" maxlength=\"2000\" class=\"wpcf7-form-control wpcf7-textarea\" aria-invalid=\"false\" placeholder=\"Teie s\u00f5num\" name=\"textarea-527\"><\/textarea><\/span>\n\t\t<\/p>\n\t<\/div>\n\t<div class=\"col-lg-12\">\n\t\t<p><button> Saada<\/button>\n\t\t<\/p>\n\t<\/div>\n<\/div><p style=\"display: none !important;\" class=\"akismet-fields-container\" data-prefix=\"_wpcf7_ak_\"><label>&#916;<textarea name=\"_wpcf7_ak_hp_textarea\" cols=\"45\" rows=\"8\" maxlength=\"100\"><\/textarea><\/label><input type=\"hidden\" id=\"ak_js_1\" name=\"_wpcf7_ak_js\" value=\"85\"\/><script type=\"text\/javascript\">\n\/* <![CDATA[ *\/\ndocument.getElementById( \"ak_js_1\" ).setAttribute( \"value\", ( new Date() ).getTime() );\n\/* ]]> *\/\n<\/script>\n<\/p><div class=\"wpcf7-response-output\" aria-hidden=\"true\"><\/div>\n<\/form>\n<\/div>\n\t\t\t\t\t\t<\/div>\n\t\t\t\t\t<\/div>\n\t\t\t\t<\/div>\n\t\t\t<\/div>\n\t\t<\/div>\n\t<\/section>\t\t\n\t<!-- End of contact page section\n\t============================================= -->\n\t\t\n    \t\t\t\t<\/div>\n\t\t\t\t<\/div>\n\t\t\t\t\t<\/div>\n\t\t<\/div>\n\t\t\t\t\t<\/div>\n\t\t<\/section>\n\t\t\t\t<\/div>\n\t\t","protected":false},"excerpt":{"rendered":"<p>Kontaktid TMT LOGISTIC O\u00dc Aadress Tallinn, Eesti Telefon +372 58555577 E-post info@movezen.ee Kirjutage meile! Saada &#916;<\/p>","protected":false},"author":1,"featured_media":0,"parent":0,"menu_order":0,"comment_status":"closed","ping_status":"closed","template":"tpl-default-elementor.php","meta":{"footnotes":""},"class_list":["post-1011","page","type-page","status-publish","hentry"],"yoast_head":"<!-- This site is optimized with the Yoast SEO plugin v27.4 - https:\/\/yoast.com\/product\/yoast-seo-wordpress\/ -->\n<title>Kontaktid - Movezen<\/title>\n<meta name=\"description\" content=\"V\u00f5tke meiega \u00fchendust - Movezen kolimisteenused. K\u00fcsimused, hinnap\u00e4ringud v\u00f5i broneeringud, oleme siin teie jaoks.\" \/>\n<meta name=\"robots\" content=\"index, follow, max-snippet:-1, max-image-preview:large, max-video-preview:-1\" \/>\n<link rel=\"canonical\" href=\"https:\/\/movezen.ee\/ru\/kontaktid\/\" \/>\n<meta property=\"og:locale\" content=\"ru_RU\" \/>\n<meta property=\"og:type\" content=\"article\" \/>\n<meta property=\"og:title\" content=\"Kontaktid - Movezen\" \/>\n<meta property=\"og:description\" content=\"V\u00f5tke meiega \u00fchendust - Movezen kolimisteenused. K\u00fcsimused, hinnap\u00e4ringud v\u00f5i broneeringud, oleme siin teie jaoks.\" \/>\n<meta property=\"og:url\" content=\"https:\/\/movezen.ee\/ru\/kontaktid\/\" \/>\n<meta property=\"og:site_name\" content=\"Movezen\" \/>\n<meta property=\"article:publisher\" content=\"https:\/\/www.facebook.com\/movezenEE\" \/>\n<meta property=\"article:modified_time\" content=\"2024-02-12T12:24:29+00:00\" \/>\n<meta property=\"og:image\" content=\"https:\/\/movezen.ee\/wp-content\/uploads\/2023\/09\/Movezen-18.png\" \/>\n\t<meta property=\"og:image:width\" content=\"250\" \/>\n\t<meta property=\"og:image:height\" content=\"250\" \/>\n\t<meta property=\"og:image:type\" content=\"image\/png\" \/>\n<meta name=\"twitter:card\" content=\"summary_large_image\" \/>\n<meta name=\"twitter:label1\" content=\"\u041f\u0440\u0438\u043c\u0435\u0440\u043d\u043e\u0435 \u0432\u0440\u0435\u043c\u044f \u0434\u043b\u044f \u0447\u0442\u0435\u043d\u0438\u044f\" \/>\n\t<meta name=\"twitter:data1\" content=\"1 \u043c\u0438\u043d\u0443\u0442\u0430\" \/>\n<script type=\"application\/ld+json\" class=\"yoast-schema-graph\">{\"@context\":\"https:\\\/\\\/schema.org\",\"@graph\":[{\"@type\":[\"WebPage\",\"ContactPage\"],\"@id\":\"https:\\\/\\\/movezen.ee\\\/kontaktid\\\/\",\"url\":\"https:\\\/\\\/movezen.ee\\\/kontaktid\\\/\",\"name\":\"Kontaktid - Movezen\",\"isPartOf\":{\"@id\":\"https:\\\/\\\/movezen.ee\\\/#website\"},\"datePublished\":\"2021-10-08T06:06:28+00:00\",\"dateModified\":\"2024-02-12T12:24:29+00:00\",\"description\":\"V\u00f5tke meiega \u00fchendust - Movezen kolimisteenused. K\u00fcsimused, hinnap\u00e4ringud v\u00f5i broneeringud, oleme siin teie jaoks.\",\"breadcrumb\":{\"@id\":\"https:\\\/\\\/movezen.ee\\\/kontaktid\\\/#breadcrumb\"},\"inLanguage\":\"ru-RU\",\"potentialAction\":[{\"@type\":\"ReadAction\",\"target\":[\"https:\\\/\\\/movezen.ee\\\/kontaktid\\\/\"]}]},{\"@type\":\"BreadcrumbList\",\"@id\":\"https:\\\/\\\/movezen.ee\\\/kontaktid\\\/#breadcrumb\",\"itemListElement\":[{\"@type\":\"ListItem\",\"position\":1,\"name\":\"Esileht\",\"item\":\"https:\\\/\\\/movezen.ee\\\/\"},{\"@type\":\"ListItem\",\"position\":2,\"name\":\"Kontaktid\"}]},{\"@type\":\"WebSite\",\"@id\":\"https:\\\/\\\/movezen.ee\\\/#website\",\"url\":\"https:\\\/\\\/movezen.ee\\\/\",\"name\":\"Movezen kolimisteenused\",\"description\":\"Parim transporditeenused Tallinnas\",\"publisher\":{\"@id\":\"https:\\\/\\\/movezen.ee\\\/#organization\"},\"alternateName\":\"Movezen\",\"potentialAction\":[{\"@type\":\"SearchAction\",\"target\":{\"@type\":\"EntryPoint\",\"urlTemplate\":\"https:\\\/\\\/movezen.ee\\\/?s={search_term_string}\"},\"query-input\":{\"@type\":\"PropertyValueSpecification\",\"valueRequired\":true,\"valueName\":\"search_term_string\"}}],\"inLanguage\":\"ru-RU\"},{\"@type\":\"Organization\",\"@id\":\"https:\\\/\\\/movezen.ee\\\/#organization\",\"name\":\"Movezen\",\"alternateName\":\"Movezen\",\"url\":\"https:\\\/\\\/movezen.ee\\\/\",\"logo\":{\"@type\":\"ImageObject\",\"inLanguage\":\"ru-RU\",\"@id\":\"https:\\\/\\\/movezen.ee\\\/#\\\/schema\\\/logo\\\/image\\\/\",\"url\":\"https:\\\/\\\/movezen.ee\\\/wp-content\\\/uploads\\\/2023\\\/09\\\/Movezen-18.png\",\"contentUrl\":\"https:\\\/\\\/movezen.ee\\\/wp-content\\\/uploads\\\/2023\\\/09\\\/Movezen-18.png\",\"width\":250,\"height\":250,\"caption\":\"Movezen\"},\"image\":{\"@id\":\"https:\\\/\\\/movezen.ee\\\/#\\\/schema\\\/logo\\\/image\\\/\"},\"sameAs\":[\"https:\\\/\\\/www.facebook.com\\\/movezenEE\"]}]}<\/script>\n<!-- \/ Yoast SEO plugin. -->","yoast_head_json":{"title":"Kontaktid - Movezen","description":"V\u00f5tke meiega \u00fchendust - Movezen kolimisteenused. K\u00fcsimused, hinnap\u00e4ringud v\u00f5i broneeringud, oleme siin teie jaoks.","robots":{"index":"index","follow":"follow","max-snippet":"max-snippet:-1","max-image-preview":"max-image-preview:large","max-video-preview":"max-video-preview:-1"},"canonical":"https:\/\/movezen.ee\/ru\/kontaktid\/","og_locale":"ru_RU","og_type":"article","og_title":"Kontaktid - Movezen","og_description":"V\u00f5tke meiega \u00fchendust - Movezen kolimisteenused. K\u00fcsimused, hinnap\u00e4ringud v\u00f5i broneeringud, oleme siin teie jaoks.","og_url":"https:\/\/movezen.ee\/ru\/kontaktid\/","og_site_name":"Movezen","article_publisher":"https:\/\/www.facebook.com\/movezenEE","article_modified_time":"2024-02-12T12:24:29+00:00","og_image":[{"width":250,"height":250,"url":"https:\/\/movezen.ee\/wp-content\/uploads\/2023\/09\/Movezen-18.png","type":"image\/png"}],"twitter_card":"summary_large_image","twitter_misc":{"\u041f\u0440\u0438\u043c\u0435\u0440\u043d\u043e\u0435 \u0432\u0440\u0435\u043c\u044f \u0434\u043b\u044f \u0447\u0442\u0435\u043d\u0438\u044f":"1 \u043c\u0438\u043d\u0443\u0442\u0430"},"schema":{"@context":"https:\/\/schema.org","@graph":[{"@type":["WebPage","ContactPage"],"@id":"https:\/\/movezen.ee\/kontaktid\/","url":"https:\/\/movezen.ee\/kontaktid\/","name":"Kontaktid - Movezen","isPartOf":{"@id":"https:\/\/movezen.ee\/#website"},"datePublished":"2021-10-08T06:06:28+00:00","dateModified":"2024-02-12T12:24:29+00:00","description":"V\u00f5tke meiega \u00fchendust - Movezen kolimisteenused. K\u00fcsimused, hinnap\u00e4ringud v\u00f5i broneeringud, oleme siin teie jaoks.","breadcrumb":{"@id":"https:\/\/movezen.ee\/kontaktid\/#breadcrumb"},"inLanguage":"ru-RU","potentialAction":[{"@type":"ReadAction","target":["https:\/\/movezen.ee\/kontaktid\/"]}]},{"@type":"BreadcrumbList","@id":"https:\/\/movezen.ee\/kontaktid\/#breadcrumb","itemListElement":[{"@type":"ListItem","position":1,"name":"Esileht","item":"https:\/\/movezen.ee\/"},{"@type":"ListItem","position":2,"name":"Kontaktid"}]},{"@type":"WebSite","@id":"https:\/\/movezen.ee\/#website","url":"https:\/\/movezen.ee\/","name":"Movezen kolimisteenused","description":"Parim transporditeenused Tallinnas","publisher":{"@id":"https:\/\/movezen.ee\/#organization"},"alternateName":"Movezen","potentialAction":[{"@type":"SearchAction","target":{"@type":"EntryPoint","urlTemplate":"https:\/\/movezen.ee\/?s={search_term_string}"},"query-input":{"@type":"PropertyValueSpecification","valueRequired":true,"valueName":"search_term_string"}}],"inLanguage":"ru-RU"},{"@type":"Organization","@id":"https:\/\/movezen.ee\/#organization","name":"Movezen","alternateName":"Movezen","url":"https:\/\/movezen.ee\/","logo":{"@type":"ImageObject","inLanguage":"ru-RU","@id":"https:\/\/movezen.ee\/#\/schema\/logo\/image\/","url":"https:\/\/movezen.ee\/wp-content\/uploads\/2023\/09\/Movezen-18.png","contentUrl":"https:\/\/movezen.ee\/wp-content\/uploads\/2023\/09\/Movezen-18.png","width":250,"height":250,"caption":"Movezen"},"image":{"@id":"https:\/\/movezen.ee\/#\/schema\/logo\/image\/"},"sameAs":["https:\/\/www.facebook.com\/movezenEE"]}]}},"_links":{"self":[{"href":"https:\/\/movezen.ee\/ru\/wp-json\/wp\/v2\/pages\/1011","targetHints":{"allow":["GET"]}}],"collection":[{"href":"https:\/\/movezen.ee\/ru\/wp-json\/wp\/v2\/pages"}],"about":[{"href":"https:\/\/movezen.ee\/ru\/wp-json\/wp\/v2\/types\/page"}],"author":[{"embeddable":true,"href":"https:\/\/movezen.ee\/ru\/wp-json\/wp\/v2\/users\/1"}],"replies":[{"embeddable":true,"href":"https:\/\/movezen.ee\/ru\/wp-json\/wp\/v2\/comments?post=1011"}],"version-history":[{"count":11,"href":"https:\/\/movezen.ee\/ru\/wp-json\/wp\/v2\/pages\/1011\/revisions"}],"predecessor-version":[{"id":3874,"href":"https:\/\/movezen.ee\/ru\/wp-json\/wp\/v2\/pages\/1011\/revisions\/3874"}],"wp:attachment":[{"href":"https:\/\/movezen.ee\/ru\/wp-json\/wp\/v2\/media?parent=1011"}],"curies":[{"name":"wp","href":"https:\/\/api.w.org\/{rel}","templated":true}]}}